{"id":7256,"date":"2017-03-15T11:38:53","date_gmt":"2017-03-15T15:38:53","guid":{"rendered":"https:\/\/districtgriffin.com\/?page_id=7256\/"},"modified":"2017-03-15T14:18:49","modified_gmt":"2017-03-15T18:18:49","slug":"merci-email","status":"publish","type":"page","link":"https:\/\/districtgriffin.com\/fr\/merci-email\/","title":{"rendered":"Merci"},"content":{"rendered":"<p><script type=\"text\/javascript\">\n  __AGDATA = {\n    AdName: \"districtgriffin.com\",\n    ConvType: \"lead\",\n    CustomerID: 0,\n    PageType: \"\",\n    Language: \"\",\n    Data: \"\",\n    Revenue: 0\n  };\n<\/script><br \/>\n<script type=\"text\/javascript\" src=\"\/\/cdn.adgrx.com\/usegments\/cXhxpq3GSuZPc3UEBu4bhXxkZnNEW2j96xyWG6lN7Qk=\/106.js\" async=\"true\"><\/script><\/p>\n<section class=\"spacing--xxlarge\">\n<div class=\"container\">\n<div class=\"row\">\n<div class=\"col-sm-12 col-md-8 col-md-offset-2\">\n<h1>VOTRE MESSAGE A \u00c9T\u00c9 ENVOY\u00c9&nbsp;!<\/h1>\n<p>\nNous avons bien re\u00e7u votre message.<br \/>\nNous entrerons en contact avec vous rapidement.<br \/>\nEntre temps, vous pouvez visiter nos <a href=\"\/fr\/condo-neuf-griffintown\/\" style=\"color: #0E84DC\">Plans de condo ici<\/a>\n<\/p>\n<p>\n<a href=\"\/fr\/promo\" style=\"color: #0E84DC\">Retour \u00e0 la page pr\u00e9c\u00e9dente<\/a>\n<\/p>\n<\/div>\n<\/div>\n<\/div>\n<\/section>\n","protected":false},"excerpt":{"rendered":"<p>VOTRE MESSAGE A \u00c9T\u00c9 ENVOY\u00c9&nbsp;! Nous avons bien re\u00e7u votre message. Nous entrerons en contact avec vous rapidement. Entre temps, vous pouvez visiter nos Plans de condo ici Retour \u00e0 la page pr\u00e9c\u00e9dente<\/p>\n","protected":false},"author":6,"featured_media":0,"parent":0,"menu_order":0,"comment_status":"closed","ping_status":"closed","template":"","meta":{"_acf_changed":false,"footnotes":""},"class_list":["post-7256","page","type-page","status-publish","hentry"],"acf":[],"yoast_head":"<!-- This site is optimized with the Yoast SEO plugin v27.3 - https:\/\/yoast.com\/product\/yoast-seo-wordpress\/ -->\n<title>Merci - District Griffin<\/title>\n<meta name=\"robots\" content=\"index, follow, max-snippet:-1, max-image-preview:large, max-video-preview:-1\" \/>\n<link rel=\"canonical\" href=\"https:\/\/districtgriffin.com\/fr\/merci-email\/\" \/>\n<meta property=\"og:locale\" content=\"fr_FR\" \/>\n<meta property=\"og:type\" content=\"article\" \/>\n<meta property=\"og:title\" content=\"Merci - District Griffin\" \/>\n<meta property=\"og:description\" content=\"VOTRE MESSAGE A \u00c9T\u00c9 ENVOY\u00c9&nbsp;! Nous avons bien re\u00e7u votre message. Nous entrerons en contact avec vous rapidement. Entre temps, vous pouvez visiter nos Plans de condo ici Retour \u00e0 la page pr\u00e9c\u00e9dente\" \/>\n<meta property=\"og:url\" content=\"https:\/\/districtgriffin.com\/fr\/merci-email\/\" \/>\n<meta property=\"og:site_name\" content=\"District Griffin\" \/>\n<meta property=\"article:modified_time\" content=\"2017-03-15T18:18:49+00:00\" \/>\n<script type=\"application\/ld+json\" class=\"yoast-schema-graph\">{\"@context\":\"https:\\\/\\\/schema.org\",\"@graph\":[{\"@type\":\"WebPage\",\"@id\":\"https:\\\/\\\/districtgriffin.com\\\/fr\\\/merci-email\\\/\",\"url\":\"https:\\\/\\\/districtgriffin.com\\\/fr\\\/merci-email\\\/\",\"name\":\"Merci - District Griffin\",\"isPartOf\":{\"@id\":\"https:\\\/\\\/districtgriffin.com\\\/en\\\/#website\"},\"datePublished\":\"2017-03-15T15:38:53+00:00\",\"dateModified\":\"2017-03-15T18:18:49+00:00\",\"breadcrumb\":{\"@id\":\"https:\\\/\\\/districtgriffin.com\\\/fr\\\/merci-email\\\/#breadcrumb\"},\"inLanguage\":\"fr-FR\",\"potentialAction\":[{\"@type\":\"ReadAction\",\"target\":[\"https:\\\/\\\/districtgriffin.com\\\/fr\\\/merci-email\\\/\"]}]},{\"@type\":\"BreadcrumbList\",\"@id\":\"https:\\\/\\\/districtgriffin.com\\\/fr\\\/merci-email\\\/#breadcrumb\",\"itemListElement\":[{\"@type\":\"ListItem\",\"position\":1,\"name\":\"Home\",\"item\":\"https:\\\/\\\/districtgriffin.com\\\/fr\\\/\"},{\"@type\":\"ListItem\",\"position\":2,\"name\":\"Merci\"}]},{\"@type\":\"WebSite\",\"@id\":\"https:\\\/\\\/districtgriffin.com\\\/en\\\/#website\",\"url\":\"https:\\\/\\\/districtgriffin.com\\\/en\\\/\",\"name\":\"District Griffin\",\"description\":\"The biggest condo project in Montr\u00e9al\",\"potentialAction\":[{\"@type\":\"SearchAction\",\"target\":{\"@type\":\"EntryPoint\",\"urlTemplate\":\"https:\\\/\\\/districtgriffin.com\\\/en\\\/?s={search_term_string}\"},\"query-input\":{\"@type\":\"PropertyValueSpecification\",\"valueRequired\":true,\"valueName\":\"search_term_string\"}}],\"inLanguage\":\"fr-FR\"}]}<\/script>\n<!-- \/ Yoast SEO plugin. -->","yoast_head_json":{"title":"Merci - District Griffin","robots":{"index":"index","follow":"follow","max-snippet":"max-snippet:-1","max-image-preview":"max-image-preview:large","max-video-preview":"max-video-preview:-1"},"canonical":"https:\/\/districtgriffin.com\/fr\/merci-email\/","og_locale":"fr_FR","og_type":"article","og_title":"Merci - District Griffin","og_description":"VOTRE MESSAGE A \u00c9T\u00c9 ENVOY\u00c9&nbsp;! Nous avons bien re\u00e7u votre message. Nous entrerons en contact avec vous rapidement. Entre temps, vous pouvez visiter nos Plans de condo ici Retour \u00e0 la page pr\u00e9c\u00e9dente","og_url":"https:\/\/districtgriffin.com\/fr\/merci-email\/","og_site_name":"District Griffin","article_modified_time":"2017-03-15T18:18:49+00:00","schema":{"@context":"https:\/\/schema.org","@graph":[{"@type":"WebPage","@id":"https:\/\/districtgriffin.com\/fr\/merci-email\/","url":"https:\/\/districtgriffin.com\/fr\/merci-email\/","name":"Merci - District Griffin","isPartOf":{"@id":"https:\/\/districtgriffin.com\/en\/#website"},"datePublished":"2017-03-15T15:38:53+00:00","dateModified":"2017-03-15T18:18:49+00:00","breadcrumb":{"@id":"https:\/\/districtgriffin.com\/fr\/merci-email\/#breadcrumb"},"inLanguage":"fr-FR","potentialAction":[{"@type":"ReadAction","target":["https:\/\/districtgriffin.com\/fr\/merci-email\/"]}]},{"@type":"BreadcrumbList","@id":"https:\/\/districtgriffin.com\/fr\/merci-email\/#breadcrumb","itemListElement":[{"@type":"ListItem","position":1,"name":"Home","item":"https:\/\/districtgriffin.com\/fr\/"},{"@type":"ListItem","position":2,"name":"Merci"}]},{"@type":"WebSite","@id":"https:\/\/districtgriffin.com\/en\/#website","url":"https:\/\/districtgriffin.com\/en\/","name":"District Griffin","description":"The biggest condo project in Montr\u00e9al","potentialAction":[{"@type":"SearchAction","target":{"@type":"EntryPoint","urlTemplate":"https:\/\/districtgriffin.com\/en\/?s={search_term_string}"},"query-input":{"@type":"PropertyValueSpecification","valueRequired":true,"valueName":"search_term_string"}}],"inLanguage":"fr-FR"}]}},"_links":{"self":[{"href":"https:\/\/districtgriffin.com\/fr\/wp-json\/wp\/v2\/pages\/7256","targetHints":{"allow":["GET"]}}],"collection":[{"href":"https:\/\/districtgriffin.com\/fr\/wp-json\/wp\/v2\/pages"}],"about":[{"href":"https:\/\/districtgriffin.com\/fr\/wp-json\/wp\/v2\/types\/page"}],"author":[{"embeddable":true,"href":"https:\/\/districtgriffin.com\/fr\/wp-json\/wp\/v2\/users\/6"}],"replies":[{"embeddable":true,"href":"https:\/\/districtgriffin.com\/fr\/wp-json\/wp\/v2\/comments?post=7256"}],"version-history":[{"count":3,"href":"https:\/\/districtgriffin.com\/fr\/wp-json\/wp\/v2\/pages\/7256\/revisions"}],"predecessor-version":[{"id":7272,"href":"https:\/\/districtgriffin.com\/fr\/wp-json\/wp\/v2\/pages\/7256\/revisions\/7272"}],"wp:attachment":[{"href":"https:\/\/districtgriffin.com\/fr\/wp-json\/wp\/v2\/media?parent=7256"}],"curies":[{"name":"wp","href":"https:\/\/api.w.org\/{rel}","templated":true}]}}