{"id":68,"date":"2014-02-10T10:35:28","date_gmt":"2014-02-10T15:35:28","guid":{"rendered":"http:\/\/griffin.lubie.co\/?page_id=68"},"modified":"2018-06-21T11:44:48","modified_gmt":"2018-06-21T15:44:48","slug":"partenaires","status":"publish","type":"page","link":"https:\/\/districtgriffin.com\/fr\/partenaires\/","title":{"rendered":"Partenaires"},"content":{"rendered":"<section class=\"spacing--xxlarge spacing--0top\">\n<div class=\"container\">\n<div class=\"row\">\n<div class=\"col-md-12\">\n<h1>DES ALLIANCES AVEC LES MEILLEURS<\/h1>\n<p>L\u2019entreprise travaille en \u00e9troites relations avec des partenaires d\u00e9di\u00e9s, experts dans leurs secteurs d\u2019activit\u00e9s.<\/p>\n<p>Devimco Immobilier compte sur des partenaires de premier plan pour la r\u00e9alisation de ses projets commerciaux.<\/p>\n<\/p><\/div>\n<\/p><\/div>\n<div class=\"row partner\">\n<div class=\"col-md-3\">\n<div class=\"partner__logo\">\n                <a href=\"http:\/\/www.fondsimmobilierftq.com\" target=\"_blank\"><img loading=\"lazy\" decoding=\"async\" src=\"https:\/\/bk15oct.districtgriffin.com\/wp-content\/uploads\/2017\/05\/Fonds-immobilierFTQ_4Couleurs_V2.png\" alt=\"logoFTQpetit\" width=\"214\" height=\"48\" \/><\/a>\n<\/div>\n<\/p><\/div>\n<div class=\"col-md-9\">\n<h3>FONDS IMMOBILIER DE SOLIDARIT\u00c9 FTQ<\/h3>\n<p>Cr\u00e9\u00e9 en 1991, le <strong>Fonds immobilier de solidarit\u00e9 FTQ<\/strong> contribue au d\u00e9veloppement \u00e9conomique du Qu\u00e9bec en participant financi\u00e8rement et strat\u00e9giquement \u00e0 la r\u00e9alisation de projets immobiliers rentables, cr\u00e9ateurs d\u2019emplois et socialement responsables en partenariat avec des leaders du secteur. Il appuie le d\u00e9marrage de projets immobiliers de toutes tailles et dans toutes les r\u00e9gions du Qu\u00e9bec, tant dans les secteurs r\u00e9sidentiel, de bureaux, commercial, institutionnel qu\u2019industriel.<\/p>\n<p>                <a href=\"http:\/\/www.fondsimmobilierftq.com\" target=\"_blank\">www.fondsimmobilierftq.com<\/a>\n            <\/div>\n<\/p><\/div>\n<div class=\"row partner\">\n<div class=\"col-md-3\">\n<div class=\"partner__logo\">\n                <a href=\"http:\/\/www.mcgillimmobilier.com\/\" target=\"_blank\"><img loading=\"lazy\" decoding=\"async\" src=\"http:\/\/districtgriffin.globaliadev.com\/wp-content\/uploads\/2014\/02\/mcgillpetit.gif\" alt=\"mcgillpetit\" width=\"171\" height=\"113\" \/><\/a>\n<\/div>\n<\/p><\/div>\n<div class=\"col-md-9\">\n<h3>MCGILL IMMOBILIER<\/h3>\n<p><strong>McGill Immobilier<\/strong> est une agence immobili\u00e8re de vente et de mise en march\u00e9 de projets sp\u00e9cialis\u00e9s dans la vente de condos sur plan. McGill Immobilier est responsable de la vente et de la mise en march\u00e9 des condos de la majorit\u00e9 des projets de complexes multi-usages d\u00e9velopp\u00e9s par Devimco Immobilier.<\/p>\n<p>                <a href=\"http:\/\/www.mcgillimmobilier.com\/\" target=\"_blank\">www.mcgillimmobilier.com<\/a>\n            <\/div>\n<\/p><\/div>\n<div class=\"row partner\">\n<div class=\"col-md-3\">\n<div class=\"partner__logo\">\n                <a href=\"http:\/\/www.corsim.net\/\" target=\"_blank\"><img loading=\"lazy\" decoding=\"async\" src=\"http:\/\/districtgriffin.globaliadev.com\/wp-content\/uploads\/2014\/02\/corsim.png\" alt=\"corsim\" width=\"119\" height=\"84\" \/><\/a>\n<\/div>\n<\/p><\/div>\n<div class=\"col-md-9\">\n<h3>CORSIM<\/h3>\n<p>                <a href=\"http:\/\/www.corsim.net\/\" target=\"_blank\">www.corsim.net<\/a>\n            <\/div>\n<\/p><\/div>\n<div class=\"row partner\">\n<div class=\"col-md-3\">\n<div class=\"partner__logo\"><a href=\"http:\/\/www.cogir.net\/\" target=\"_blank\"><img loading=\"lazy\" decoding=\"async\" src=\"http:\/\/districtgriffin.globaliadev.com\/wp-content\/uploads\/2014\/02\/LOGO-COGIR-Commercial-Bilingue-VERTpetit.jpg\" alt=\"LOGO COGIR - Commercial - Bilingue VERTpetit\" width=\"95\" height=\"106\" \/><\/a><\/div>\n<\/p><\/div>\n<div class=\"col-md-9\">\n<h3>COGIR<\/h3>\n<p>La soci\u00e9t\u00e9 de gestion <strong>Cogir<\/strong> administre pr\u00e8s de 75 propri\u00e9t\u00e9s commerciales de diff\u00e9rentes tailles et d\u2019envergure vari\u00e9e, r\u00e9parties dans les provinces du Qu\u00e9bec, de l\u2019Ontario et de la Nouvelle-\u00c9cosse. Cogir est le partenaire de gestion de toutes les unit\u00e9s d\u2019habitation disponibles pour la location d\u00e9velopp\u00e9es par Devimco Immobilier.<\/p>\n<p>                <a href=\"http:\/\/www.cogir.net\/\" target=\"_blank\">www.cogir.net<\/a>\n            <\/div>\n<\/p><\/div>\n<div class=\"row partner\">\n<div class=\"col-md-3\">\n<div class=\"partner__logo\">\n<span><img loading=\"lazy\" decoding=\"async\" src=\"http:\/\/districtgriffin.globaliadev.com\/wp-content\/uploads\/2014\/02\/logo-Immoca-300x92.jpg\" alt=\"logo Immoca\" width=\"151\" height=\"46\" \/><\/span>\n<\/div>\n<\/p><\/div>\n<div class=\"col-md-9\">\n<h3>IMMOCA<\/h3>\n<p><strong>Immoca<\/strong> est une soci\u00e9t\u00e9 d&rsquo;investissements immobiliers, filiale de Groupe Camada, d\u00e9tenue par la Famille Poulin en Beauce. La mission d&rsquo;Immoca est de contribuer au d\u00e9veloppement et \u00e0 la croissance de projets structurants et bien int\u00e9gr\u00e9s dans leur milieu. Fond\u00e9 en 2008, Immoca est partenaire dans plus de 20 projets immobiliers au Qu\u00e9bec et ailleurs.<\/p>\n<\/p><\/div>\n<\/p><\/div>\n<div class=\"row partner\">\n<div class=\"col-md-3\">\n<div class=\"partner__logo\"><span><img loading=\"lazy\" decoding=\"async\" src=\"http:\/\/districtgriffin.globaliadev.com\/wp-content\/uploads\/2014\/02\/premiuspetit.png\" alt=\"premiuspetit\" width=\"100\" height=\"79\" \/><br \/>\n<\/span><\/div>\n<\/p><\/div>\n<div class=\"col-md-9\">\n<h3>PREMIUS<\/h3>\n<p>PREMIUS Conseil Marketing se sp\u00e9cialise en d\u00e9veloppement, mise en march\u00e9 et communication dans plusieurs domaines, mais principalement dans l&rsquo;immobilier.<\/p>\n<\/p><\/div>\n<\/p><\/div>\n<\/p><\/div>\n<\/section>\n","protected":false},"excerpt":{"rendered":"<p>DES ALLIANCES AVEC LES MEILLEURS L\u2019entreprise travaille en \u00e9troites relations avec des partenaires d\u00e9di\u00e9s, experts dans leurs secteurs d\u2019activit\u00e9s. Devimco Immobilier compte sur des partenaires de premier plan pour la r\u00e9alisation de ses projets commerciaux. FONDS IMMOBILIER DE SOLIDARIT\u00c9 FTQ&hellip; <a href=\"https:\/\/districtgriffin.com\/fr\/partenaires\/\" class=\"more-link\">Continue Reading <span class=\"meta-nav\">&rarr;<\/span><\/a><\/p>\n","protected":false},"author":6,"featured_media":11740,"parent":0,"menu_order":0,"comment_status":"open","ping_status":"closed","template":"page-template-partenaires.php","meta":{"_acf_changed":false,"footnotes":""},"class_list":["post-68","page","type-page","status-publish","has-post-thumbnail","hentry"],"acf":[],"yoast_head":"<!-- This site is optimized with the Yoast SEO plugin v27.3 - https:\/\/yoast.com\/product\/yoast-seo-wordpress\/ -->\n<title>Nos partenaires | District Griffin<\/title>\n<meta name=\"description\" content=\"D\u00e9couvrez les partenaires du projet immobilier District Griffin.\" \/>\n<meta name=\"robots\" content=\"index, follow, max-snippet:-1, max-image-preview:large, max-video-preview:-1\" \/>\n<link rel=\"canonical\" href=\"https:\/\/districtgriffin.com\/fr\/partenaires\/\" \/>\n<meta property=\"og:locale\" content=\"fr_FR\" \/>\n<meta property=\"og:type\" content=\"article\" \/>\n<meta property=\"og:title\" content=\"Nos partenaires | District Griffin\" \/>\n<meta property=\"og:description\" content=\"D\u00e9couvrez les partenaires du projet immobilier District Griffin.\" \/>\n<meta property=\"og:url\" content=\"https:\/\/districtgriffin.com\/fr\/partenaires\/\" \/>\n<meta property=\"og:site_name\" content=\"District Griffin\" \/>\n<meta property=\"article:modified_time\" content=\"2018-06-21T15:44:48+00:00\" \/>\n<meta property=\"og:image\" content=\"https:\/\/districtgriffin.com\/wp-content\/uploads\/2014\/02\/2012-04-19-DG_Devimco_Phase03_Piscine1920x440.jpg\" \/>\n\t<meta property=\"og:image:width\" content=\"1920\" \/>\n\t<meta property=\"og:image:height\" content=\"440\" \/>\n\t<meta property=\"og:image:type\" content=\"image\/jpeg\" \/>\n<meta name=\"twitter:label1\" content=\"Dur\u00e9e de lecture estim\u00e9e\" \/>\n\t<meta name=\"twitter:data1\" content=\"2 minutes\" \/>\n<script type=\"application\/ld+json\" class=\"yoast-schema-graph\">{\"@context\":\"https:\\\/\\\/schema.org\",\"@graph\":[{\"@type\":\"WebPage\",\"@id\":\"https:\\\/\\\/districtgriffin.com\\\/fr\\\/partenaires\\\/\",\"url\":\"https:\\\/\\\/districtgriffin.com\\\/fr\\\/partenaires\\\/\",\"name\":\"Nos partenaires | District Griffin\",\"isPartOf\":{\"@id\":\"https:\\\/\\\/districtgriffin.com\\\/en\\\/#website\"},\"primaryImageOfPage\":{\"@id\":\"https:\\\/\\\/districtgriffin.com\\\/fr\\\/partenaires\\\/#primaryimage\"},\"image\":{\"@id\":\"https:\\\/\\\/districtgriffin.com\\\/fr\\\/partenaires\\\/#primaryimage\"},\"thumbnailUrl\":\"https:\\\/\\\/districtgriffin.com\\\/wp-content\\\/uploads\\\/2014\\\/02\\\/2012-04-19-DG_Devimco_Phase03_Piscine1920x440.jpg\",\"datePublished\":\"2014-02-10T15:35:28+00:00\",\"dateModified\":\"2018-06-21T15:44:48+00:00\",\"description\":\"D\u00e9couvrez les partenaires du projet immobilier District Griffin.\",\"breadcrumb\":{\"@id\":\"https:\\\/\\\/districtgriffin.com\\\/fr\\\/partenaires\\\/#breadcrumb\"},\"inLanguage\":\"fr-FR\",\"potentialAction\":[{\"@type\":\"ReadAction\",\"target\":[\"https:\\\/\\\/districtgriffin.com\\\/fr\\\/partenaires\\\/\"]}]},{\"@type\":\"ImageObject\",\"inLanguage\":\"fr-FR\",\"@id\":\"https:\\\/\\\/districtgriffin.com\\\/fr\\\/partenaires\\\/#primaryimage\",\"url\":\"https:\\\/\\\/districtgriffin.com\\\/wp-content\\\/uploads\\\/2014\\\/02\\\/2012-04-19-DG_Devimco_Phase03_Piscine1920x440.jpg\",\"contentUrl\":\"https:\\\/\\\/districtgriffin.com\\\/wp-content\\\/uploads\\\/2014\\\/02\\\/2012-04-19-DG_Devimco_Phase03_Piscine1920x440.jpg\",\"width\":1920,\"height\":440},{\"@type\":\"BreadcrumbList\",\"@id\":\"https:\\\/\\\/districtgriffin.com\\\/fr\\\/partenaires\\\/#breadcrumb\",\"itemListElement\":[{\"@type\":\"ListItem\",\"position\":1,\"name\":\"Home\",\"item\":\"https:\\\/\\\/districtgriffin.com\\\/fr\\\/\"},{\"@type\":\"ListItem\",\"position\":2,\"name\":\"Partenaires\"}]},{\"@type\":\"WebSite\",\"@id\":\"https:\\\/\\\/districtgriffin.com\\\/en\\\/#website\",\"url\":\"https:\\\/\\\/districtgriffin.com\\\/en\\\/\",\"name\":\"District Griffin\",\"description\":\"The biggest condo project in Montr\u00e9al\",\"potentialAction\":[{\"@type\":\"SearchAction\",\"target\":{\"@type\":\"EntryPoint\",\"urlTemplate\":\"https:\\\/\\\/districtgriffin.com\\\/en\\\/?s={search_term_string}\"},\"query-input\":{\"@type\":\"PropertyValueSpecification\",\"valueRequired\":true,\"valueName\":\"search_term_string\"}}],\"inLanguage\":\"fr-FR\"}]}<\/script>\n<!-- \/ Yoast SEO plugin. -->","yoast_head_json":{"title":"Nos partenaires | District Griffin","description":"D\u00e9couvrez les partenaires du projet immobilier District Griffin.","robots":{"index":"index","follow":"follow","max-snippet":"max-snippet:-1","max-image-preview":"max-image-preview:large","max-video-preview":"max-video-preview:-1"},"canonical":"https:\/\/districtgriffin.com\/fr\/partenaires\/","og_locale":"fr_FR","og_type":"article","og_title":"Nos partenaires | District Griffin","og_description":"D\u00e9couvrez les partenaires du projet immobilier District Griffin.","og_url":"https:\/\/districtgriffin.com\/fr\/partenaires\/","og_site_name":"District Griffin","article_modified_time":"2018-06-21T15:44:48+00:00","og_image":[{"width":1920,"height":440,"url":"https:\/\/districtgriffin.com\/wp-content\/uploads\/2014\/02\/2012-04-19-DG_Devimco_Phase03_Piscine1920x440.jpg","type":"image\/jpeg"}],"twitter_misc":{"Dur\u00e9e de lecture estim\u00e9e":"2 minutes"},"schema":{"@context":"https:\/\/schema.org","@graph":[{"@type":"WebPage","@id":"https:\/\/districtgriffin.com\/fr\/partenaires\/","url":"https:\/\/districtgriffin.com\/fr\/partenaires\/","name":"Nos partenaires | District Griffin","isPartOf":{"@id":"https:\/\/districtgriffin.com\/en\/#website"},"primaryImageOfPage":{"@id":"https:\/\/districtgriffin.com\/fr\/partenaires\/#primaryimage"},"image":{"@id":"https:\/\/districtgriffin.com\/fr\/partenaires\/#primaryimage"},"thumbnailUrl":"https:\/\/districtgriffin.com\/wp-content\/uploads\/2014\/02\/2012-04-19-DG_Devimco_Phase03_Piscine1920x440.jpg","datePublished":"2014-02-10T15:35:28+00:00","dateModified":"2018-06-21T15:44:48+00:00","description":"D\u00e9couvrez les partenaires du projet immobilier District Griffin.","breadcrumb":{"@id":"https:\/\/districtgriffin.com\/fr\/partenaires\/#breadcrumb"},"inLanguage":"fr-FR","potentialAction":[{"@type":"ReadAction","target":["https:\/\/districtgriffin.com\/fr\/partenaires\/"]}]},{"@type":"ImageObject","inLanguage":"fr-FR","@id":"https:\/\/districtgriffin.com\/fr\/partenaires\/#primaryimage","url":"https:\/\/districtgriffin.com\/wp-content\/uploads\/2014\/02\/2012-04-19-DG_Devimco_Phase03_Piscine1920x440.jpg","contentUrl":"https:\/\/districtgriffin.com\/wp-content\/uploads\/2014\/02\/2012-04-19-DG_Devimco_Phase03_Piscine1920x440.jpg","width":1920,"height":440},{"@type":"BreadcrumbList","@id":"https:\/\/districtgriffin.com\/fr\/partenaires\/#breadcrumb","itemListElement":[{"@type":"ListItem","position":1,"name":"Home","item":"https:\/\/districtgriffin.com\/fr\/"},{"@type":"ListItem","position":2,"name":"Partenaires"}]},{"@type":"WebSite","@id":"https:\/\/districtgriffin.com\/en\/#website","url":"https:\/\/districtgriffin.com\/en\/","name":"District Griffin","description":"The biggest condo project in Montr\u00e9al","potentialAction":[{"@type":"SearchAction","target":{"@type":"EntryPoint","urlTemplate":"https:\/\/districtgriffin.com\/en\/?s={search_term_string}"},"query-input":{"@type":"PropertyValueSpecification","valueRequired":true,"valueName":"search_term_string"}}],"inLanguage":"fr-FR"}]}},"_links":{"self":[{"href":"https:\/\/districtgriffin.com\/fr\/wp-json\/wp\/v2\/pages\/68","targetHints":{"allow":["GET"]}}],"collection":[{"href":"https:\/\/districtgriffin.com\/fr\/wp-json\/wp\/v2\/pages"}],"about":[{"href":"https:\/\/districtgriffin.com\/fr\/wp-json\/wp\/v2\/types\/page"}],"author":[{"embeddable":true,"href":"https:\/\/districtgriffin.com\/fr\/wp-json\/wp\/v2\/users\/6"}],"replies":[{"embeddable":true,"href":"https:\/\/districtgriffin.com\/fr\/wp-json\/wp\/v2\/comments?post=68"}],"version-history":[{"count":4,"href":"https:\/\/districtgriffin.com\/fr\/wp-json\/wp\/v2\/pages\/68\/revisions"}],"predecessor-version":[{"id":8074,"href":"https:\/\/districtgriffin.com\/fr\/wp-json\/wp\/v2\/pages\/68\/revisions\/8074"}],"wp:featuredmedia":[{"embeddable":true,"href":"https:\/\/districtgriffin.com\/fr\/wp-json\/wp\/v2\/media\/11740"}],"wp:attachment":[{"href":"https:\/\/districtgriffin.com\/fr\/wp-json\/wp\/v2\/media?parent=68"}],"curies":[{"name":"wp","href":"https:\/\/api.w.org\/{rel}","templated":true}]}}