{"id":6,"date":"2014-02-05T21:15:32","date_gmt":"2014-02-05T20:15:32","guid":{"rendered":"http:\/\/griffin.lubie.co\/?page_id=6"},"modified":"2021-05-11T16:41:30","modified_gmt":"2021-05-11T20:41:30","slug":"accueil","status":"publish","type":"page","link":"https:\/\/districtgriffin.com\/fr\/","title":{"rendered":"Accueil"},"content":{"rendered":"","protected":false},"excerpt":{"rendered":"","protected":false},"author":6,"featured_media":0,"parent":0,"menu_order":0,"comment_status":"open","ping_status":"closed","template":"page-template-home.php","meta":{"_acf_changed":false,"footnotes":""},"class_list":["post-6","page","type-page","status-publish","hentry"],"acf":[],"yoast_head":"<!-- This site is optimized with the Yoast SEO plugin v27.3 - https:\/\/yoast.com\/product\/yoast-seo-wordpress\/ -->\n<title>Condos Griffintown, Montr\u00e9al \u2219 Condos \u00e0 vendre | District Griffin<\/title>\n<meta name=\"description\" content=\"Situ\u00e9 en plein c\u0153ur de Griffintown, District Driffin est le plus important projet immobilier de condos du quartier. D\u00e9couvrez nos projets de condos neufs!\" \/>\n<meta name=\"robots\" content=\"index, follow, max-snippet:-1, max-image-preview:large, max-video-preview:-1\" \/>\n<link rel=\"canonical\" href=\"https:\/\/districtgriffin.com\/fr\/\" \/>\n<meta property=\"og:locale\" content=\"fr_FR\" \/>\n<meta property=\"og:type\" content=\"article\" \/>\n<meta property=\"og:title\" content=\"Condos Griffintown, Montr\u00e9al \u2219 Condos \u00e0 vendre | District Griffin\" \/>\n<meta property=\"og:description\" content=\"Situ\u00e9 en plein c\u0153ur de Griffintown, District Driffin est le plus important projet immobilier de condos du quartier. D\u00e9couvrez nos projets de condos neufs!\" \/>\n<meta property=\"og:url\" content=\"https:\/\/districtgriffin.com\/fr\/\" \/>\n<meta property=\"og:site_name\" content=\"District Griffin\" \/>\n<meta property=\"article:modified_time\" content=\"2021-05-11T20:41:30+00:00\" \/>\n<script type=\"application\/ld+json\" class=\"yoast-schema-graph\">{\"@context\":\"https:\\\/\\\/schema.org\",\"@graph\":[{\"@type\":\"WebPage\",\"@id\":\"https:\\\/\\\/districtgriffin.com\\\/fr\\\/\",\"url\":\"https:\\\/\\\/districtgriffin.com\\\/fr\\\/\",\"name\":\"Condos Griffintown, Montr\u00e9al \u2219 Condos \u00e0 vendre | District Griffin\",\"isPartOf\":{\"@id\":\"https:\\\/\\\/districtgriffin.com\\\/en\\\/#website\"},\"datePublished\":\"2014-02-05T20:15:32+00:00\",\"dateModified\":\"2021-05-11T20:41:30+00:00\",\"description\":\"Situ\u00e9 en plein c\u0153ur de Griffintown, District Driffin est le plus important projet immobilier de condos du quartier. D\u00e9couvrez nos projets de condos neufs!\",\"breadcrumb\":{\"@id\":\"https:\\\/\\\/districtgriffin.com\\\/fr\\\/#breadcrumb\"},\"inLanguage\":\"fr-FR\",\"potentialAction\":[{\"@type\":\"ReadAction\",\"target\":[\"https:\\\/\\\/districtgriffin.com\\\/fr\\\/\"]}]},{\"@type\":\"BreadcrumbList\",\"@id\":\"https:\\\/\\\/districtgriffin.com\\\/fr\\\/#breadcrumb\",\"itemListElement\":[{\"@type\":\"ListItem\",\"position\":1,\"name\":\"Home\",\"item\":\"https:\\\/\\\/districtgriffin.com\\\/fr\\\/\"},{\"@type\":\"ListItem\",\"position\":2,\"name\":\"Accueil\"}]},{\"@type\":\"WebSite\",\"@id\":\"https:\\\/\\\/districtgriffin.com\\\/en\\\/#website\",\"url\":\"https:\\\/\\\/districtgriffin.com\\\/en\\\/\",\"name\":\"District Griffin\",\"description\":\"The biggest condo project in Montr\u00e9al\",\"potentialAction\":[{\"@type\":\"SearchAction\",\"target\":{\"@type\":\"EntryPoint\",\"urlTemplate\":\"https:\\\/\\\/districtgriffin.com\\\/en\\\/?s={search_term_string}\"},\"query-input\":{\"@type\":\"PropertyValueSpecification\",\"valueRequired\":true,\"valueName\":\"search_term_string\"}}],\"inLanguage\":\"fr-FR\"}]}<\/script>\n<!-- \/ Yoast SEO plugin. -->","yoast_head_json":{"title":"Condos Griffintown, Montr\u00e9al \u2219 Condos \u00e0 vendre | District Griffin","description":"Situ\u00e9 en plein c\u0153ur de Griffintown, District Driffin est le plus important projet immobilier de condos du quartier. D\u00e9couvrez nos projets de condos neufs!","robots":{"index":"index","follow":"follow","max-snippet":"max-snippet:-1","max-image-preview":"max-image-preview:large","max-video-preview":"max-video-preview:-1"},"canonical":"https:\/\/districtgriffin.com\/fr\/","og_locale":"fr_FR","og_type":"article","og_title":"Condos Griffintown, Montr\u00e9al \u2219 Condos \u00e0 vendre | District Griffin","og_description":"Situ\u00e9 en plein c\u0153ur de Griffintown, District Driffin est le plus important projet immobilier de condos du quartier. D\u00e9couvrez nos projets de condos neufs!","og_url":"https:\/\/districtgriffin.com\/fr\/","og_site_name":"District Griffin","article_modified_time":"2021-05-11T20:41:30+00:00","schema":{"@context":"https:\/\/schema.org","@graph":[{"@type":"WebPage","@id":"https:\/\/districtgriffin.com\/fr\/","url":"https:\/\/districtgriffin.com\/fr\/","name":"Condos Griffintown, Montr\u00e9al \u2219 Condos \u00e0 vendre | District Griffin","isPartOf":{"@id":"https:\/\/districtgriffin.com\/en\/#website"},"datePublished":"2014-02-05T20:15:32+00:00","dateModified":"2021-05-11T20:41:30+00:00","description":"Situ\u00e9 en plein c\u0153ur de Griffintown, District Driffin est le plus important projet immobilier de condos du quartier. D\u00e9couvrez nos projets de condos neufs!","breadcrumb":{"@id":"https:\/\/districtgriffin.com\/fr\/#breadcrumb"},"inLanguage":"fr-FR","potentialAction":[{"@type":"ReadAction","target":["https:\/\/districtgriffin.com\/fr\/"]}]},{"@type":"BreadcrumbList","@id":"https:\/\/districtgriffin.com\/fr\/#breadcrumb","itemListElement":[{"@type":"ListItem","position":1,"name":"Home","item":"https:\/\/districtgriffin.com\/fr\/"},{"@type":"ListItem","position":2,"name":"Accueil"}]},{"@type":"WebSite","@id":"https:\/\/districtgriffin.com\/en\/#website","url":"https:\/\/districtgriffin.com\/en\/","name":"District Griffin","description":"The biggest condo project in Montr\u00e9al","potentialAction":[{"@type":"SearchAction","target":{"@type":"EntryPoint","urlTemplate":"https:\/\/districtgriffin.com\/en\/?s={search_term_string}"},"query-input":{"@type":"PropertyValueSpecification","valueRequired":true,"valueName":"search_term_string"}}],"inLanguage":"fr-FR"}]}},"_links":{"self":[{"href":"https:\/\/districtgriffin.com\/fr\/wp-json\/wp\/v2\/pages\/6","targetHints":{"allow":["GET"]}}],"collection":[{"href":"https:\/\/districtgriffin.com\/fr\/wp-json\/wp\/v2\/pages"}],"about":[{"href":"https:\/\/districtgriffin.com\/fr\/wp-json\/wp\/v2\/types\/page"}],"author":[{"embeddable":true,"href":"https:\/\/districtgriffin.com\/fr\/wp-json\/wp\/v2\/users\/6"}],"replies":[{"embeddable":true,"href":"https:\/\/districtgriffin.com\/fr\/wp-json\/wp\/v2\/comments?post=6"}],"version-history":[{"count":4,"href":"https:\/\/districtgriffin.com\/fr\/wp-json\/wp\/v2\/pages\/6\/revisions"}],"predecessor-version":[{"id":13265,"href":"https:\/\/districtgriffin.com\/fr\/wp-json\/wp\/v2\/pages\/6\/revisions\/13265"}],"wp:attachment":[{"href":"https:\/\/districtgriffin.com\/fr\/wp-json\/wp\/v2\/media?parent=6"}],"curies":[{"name":"wp","href":"https:\/\/api.w.org\/{rel}","templated":true}]}}