{"id":42,"date":"2014-02-07T09:51:36","date_gmt":"2014-02-07T14:51:36","guid":{"rendered":"http:\/\/griffin.lubie.co\/?page_id=42"},"modified":"2017-02-28T16:20:17","modified_gmt":"2017-02-28T21:20:17","slug":"condo-district-elements","status":"publish","type":"page","link":"https:\/\/districtgriffin.com\/fr\/griffintown\/condo-district-elements\/","title":{"rendered":"\u00c9l\u00e9ments"},"content":{"rendered":"<p>Bord\u00e9 de jardins et bois\u00e9s, le\u00a0<em>District Griffin sur le Parc<\/em>\u00a0vous offre la tranquillit\u00e9 \u00e0 quelques pas de l\u2019effervescence du centre-ville. Reposez-vous au bord de LA plus longue piscine de Griffintown.<\/p>\n","protected":false},"excerpt":{"rendered":"<p>Bord\u00e9 de jardins et bois\u00e9s, le\u00a0District Griffin sur le Parc\u00a0vous offre la tranquillit\u00e9 \u00e0 quelques pas de l\u2019effervescence du centre-ville. Reposez-vous au bord de LA plus longue piscine de Griffintown.<\/p>\n","protected":false},"author":6,"featured_media":7119,"parent":32,"menu_order":0,"comment_status":"open","ping_status":"closed","template":"page-template-district.php","meta":{"_acf_changed":false,"footnotes":""},"class_list":["post-42","page","type-page","status-publish","has-post-thumbnail","hentry"],"acf":[],"yoast_head":"<!-- This site is optimized with the Yoast SEO plugin v27.3 - https:\/\/yoast.com\/product\/yoast-seo-wordpress\/ -->\n<title>\u00c9L\u00c9MENTS\u00a0\u00a0| District Griffin<\/title>\n<meta name=\"description\" content=\"Mati\u00e8re \u00e0 inspiration, ancr\u00e9 dans une vision moderne au c\u0153ur de Griffintown, \u00e0 l\u2019intersection des rues du S\u00e9minaire, Basin et de la Montage.\" \/>\n<meta name=\"robots\" content=\"index, follow, max-snippet:-1, max-image-preview:large, max-video-preview:-1\" \/>\n<link rel=\"canonical\" href=\"https:\/\/districtgriffin.com\/fr\/griffintown\/condo-district-elements\/\" \/>\n<meta property=\"og:locale\" content=\"fr_FR\" \/>\n<meta property=\"og:type\" content=\"article\" \/>\n<meta property=\"og:title\" content=\"\u00c9L\u00c9MENTS\u00a0\u00a0| District Griffin\" \/>\n<meta property=\"og:description\" content=\"Mati\u00e8re \u00e0 inspiration, ancr\u00e9 dans une vision moderne au c\u0153ur de Griffintown, \u00e0 l\u2019intersection des rues du S\u00e9minaire, Basin et de la Montage.\" \/>\n<meta property=\"og:url\" content=\"https:\/\/districtgriffin.com\/fr\/griffintown\/condo-district-elements\/\" \/>\n<meta property=\"og:site_name\" content=\"District Griffin\" \/>\n<meta property=\"article:modified_time\" content=\"2017-02-28T21:20:17+00:00\" \/>\n<meta property=\"og:image\" content=\"https:\/\/districtgriffin.com\/wp-content\/uploads\/2017\/02\/element_griffin.jpg\" \/>\n\t<meta property=\"og:image:width\" content=\"1920\" \/>\n\t<meta property=\"og:image:height\" content=\"440\" \/>\n\t<meta property=\"og:image:type\" content=\"image\/jpeg\" \/>\n<script type=\"application\/ld+json\" class=\"yoast-schema-graph\">{\"@context\":\"https:\\\/\\\/schema.org\",\"@graph\":[{\"@type\":\"WebPage\",\"@id\":\"https:\\\/\\\/districtgriffin.com\\\/fr\\\/griffintown\\\/condo-district-elements\\\/\",\"url\":\"https:\\\/\\\/districtgriffin.com\\\/fr\\\/griffintown\\\/condo-district-elements\\\/\",\"name\":\"\u00c9L\u00c9MENTS\u00a0\u00a0| District Griffin\",\"isPartOf\":{\"@id\":\"https:\\\/\\\/districtgriffin.com\\\/en\\\/#website\"},\"primaryImageOfPage\":{\"@id\":\"https:\\\/\\\/districtgriffin.com\\\/fr\\\/griffintown\\\/condo-district-elements\\\/#primaryimage\"},\"image\":{\"@id\":\"https:\\\/\\\/districtgriffin.com\\\/fr\\\/griffintown\\\/condo-district-elements\\\/#primaryimage\"},\"thumbnailUrl\":\"https:\\\/\\\/districtgriffin.com\\\/wp-content\\\/uploads\\\/2017\\\/02\\\/element_griffin.jpg\",\"datePublished\":\"2014-02-07T14:51:36+00:00\",\"dateModified\":\"2017-02-28T21:20:17+00:00\",\"description\":\"Mati\u00e8re \u00e0 inspiration, ancr\u00e9 dans une vision moderne au c\u0153ur de Griffintown, \u00e0 l\u2019intersection des rues du S\u00e9minaire, Basin et de la Montage.\",\"breadcrumb\":{\"@id\":\"https:\\\/\\\/districtgriffin.com\\\/fr\\\/griffintown\\\/condo-district-elements\\\/#breadcrumb\"},\"inLanguage\":\"fr-FR\",\"potentialAction\":[{\"@type\":\"ReadAction\",\"target\":[\"https:\\\/\\\/districtgriffin.com\\\/fr\\\/griffintown\\\/condo-district-elements\\\/\"]}]},{\"@type\":\"ImageObject\",\"inLanguage\":\"fr-FR\",\"@id\":\"https:\\\/\\\/districtgriffin.com\\\/fr\\\/griffintown\\\/condo-district-elements\\\/#primaryimage\",\"url\":\"https:\\\/\\\/districtgriffin.com\\\/wp-content\\\/uploads\\\/2017\\\/02\\\/element_griffin.jpg\",\"contentUrl\":\"https:\\\/\\\/districtgriffin.com\\\/wp-content\\\/uploads\\\/2017\\\/02\\\/element_griffin.jpg\",\"width\":1920,\"height\":440},{\"@type\":\"BreadcrumbList\",\"@id\":\"https:\\\/\\\/districtgriffin.com\\\/fr\\\/griffintown\\\/condo-district-elements\\\/#breadcrumb\",\"itemListElement\":[{\"@type\":\"ListItem\",\"position\":1,\"name\":\"Home\",\"item\":\"https:\\\/\\\/districtgriffin.com\\\/fr\\\/\"},{\"@type\":\"ListItem\",\"position\":2,\"name\":\"District Griffin\",\"item\":\"https:\\\/\\\/districtgriffin.com\\\/fr\\\/griffintown\\\/\"},{\"@type\":\"ListItem\",\"position\":3,\"name\":\"\u00c9l\u00e9ments\"}]},{\"@type\":\"WebSite\",\"@id\":\"https:\\\/\\\/districtgriffin.com\\\/en\\\/#website\",\"url\":\"https:\\\/\\\/districtgriffin.com\\\/en\\\/\",\"name\":\"District Griffin\",\"description\":\"The biggest condo project in Montr\u00e9al\",\"potentialAction\":[{\"@type\":\"SearchAction\",\"target\":{\"@type\":\"EntryPoint\",\"urlTemplate\":\"https:\\\/\\\/districtgriffin.com\\\/en\\\/?s={search_term_string}\"},\"query-input\":{\"@type\":\"PropertyValueSpecification\",\"valueRequired\":true,\"valueName\":\"search_term_string\"}}],\"inLanguage\":\"fr-FR\"}]}<\/script>\n<!-- \/ Yoast SEO plugin. -->","yoast_head_json":{"title":"\u00c9L\u00c9MENTS\u00a0\u00a0| District Griffin","description":"Mati\u00e8re \u00e0 inspiration, ancr\u00e9 dans une vision moderne au c\u0153ur de Griffintown, \u00e0 l\u2019intersection des rues du S\u00e9minaire, Basin et de la Montage.","robots":{"index":"index","follow":"follow","max-snippet":"max-snippet:-1","max-image-preview":"max-image-preview:large","max-video-preview":"max-video-preview:-1"},"canonical":"https:\/\/districtgriffin.com\/fr\/griffintown\/condo-district-elements\/","og_locale":"fr_FR","og_type":"article","og_title":"\u00c9L\u00c9MENTS\u00a0\u00a0| District Griffin","og_description":"Mati\u00e8re \u00e0 inspiration, ancr\u00e9 dans une vision moderne au c\u0153ur de Griffintown, \u00e0 l\u2019intersection des rues du S\u00e9minaire, Basin et de la Montage.","og_url":"https:\/\/districtgriffin.com\/fr\/griffintown\/condo-district-elements\/","og_site_name":"District Griffin","article_modified_time":"2017-02-28T21:20:17+00:00","og_image":[{"width":1920,"height":440,"url":"https:\/\/districtgriffin.com\/wp-content\/uploads\/2017\/02\/element_griffin.jpg","type":"image\/jpeg"}],"schema":{"@context":"https:\/\/schema.org","@graph":[{"@type":"WebPage","@id":"https:\/\/districtgriffin.com\/fr\/griffintown\/condo-district-elements\/","url":"https:\/\/districtgriffin.com\/fr\/griffintown\/condo-district-elements\/","name":"\u00c9L\u00c9MENTS\u00a0\u00a0| District Griffin","isPartOf":{"@id":"https:\/\/districtgriffin.com\/en\/#website"},"primaryImageOfPage":{"@id":"https:\/\/districtgriffin.com\/fr\/griffintown\/condo-district-elements\/#primaryimage"},"image":{"@id":"https:\/\/districtgriffin.com\/fr\/griffintown\/condo-district-elements\/#primaryimage"},"thumbnailUrl":"https:\/\/districtgriffin.com\/wp-content\/uploads\/2017\/02\/element_griffin.jpg","datePublished":"2014-02-07T14:51:36+00:00","dateModified":"2017-02-28T21:20:17+00:00","description":"Mati\u00e8re \u00e0 inspiration, ancr\u00e9 dans une vision moderne au c\u0153ur de Griffintown, \u00e0 l\u2019intersection des rues du S\u00e9minaire, Basin et de la Montage.","breadcrumb":{"@id":"https:\/\/districtgriffin.com\/fr\/griffintown\/condo-district-elements\/#breadcrumb"},"inLanguage":"fr-FR","potentialAction":[{"@type":"ReadAction","target":["https:\/\/districtgriffin.com\/fr\/griffintown\/condo-district-elements\/"]}]},{"@type":"ImageObject","inLanguage":"fr-FR","@id":"https:\/\/districtgriffin.com\/fr\/griffintown\/condo-district-elements\/#primaryimage","url":"https:\/\/districtgriffin.com\/wp-content\/uploads\/2017\/02\/element_griffin.jpg","contentUrl":"https:\/\/districtgriffin.com\/wp-content\/uploads\/2017\/02\/element_griffin.jpg","width":1920,"height":440},{"@type":"BreadcrumbList","@id":"https:\/\/districtgriffin.com\/fr\/griffintown\/condo-district-elements\/#breadcrumb","itemListElement":[{"@type":"ListItem","position":1,"name":"Home","item":"https:\/\/districtgriffin.com\/fr\/"},{"@type":"ListItem","position":2,"name":"District Griffin","item":"https:\/\/districtgriffin.com\/fr\/griffintown\/"},{"@type":"ListItem","position":3,"name":"\u00c9l\u00e9ments"}]},{"@type":"WebSite","@id":"https:\/\/districtgriffin.com\/en\/#website","url":"https:\/\/districtgriffin.com\/en\/","name":"District Griffin","description":"The biggest condo project in Montr\u00e9al","potentialAction":[{"@type":"SearchAction","target":{"@type":"EntryPoint","urlTemplate":"https:\/\/districtgriffin.com\/en\/?s={search_term_string}"},"query-input":{"@type":"PropertyValueSpecification","valueRequired":true,"valueName":"search_term_string"}}],"inLanguage":"fr-FR"}]}},"_links":{"self":[{"href":"https:\/\/districtgriffin.com\/fr\/wp-json\/wp\/v2\/pages\/42","targetHints":{"allow":["GET"]}}],"collection":[{"href":"https:\/\/districtgriffin.com\/fr\/wp-json\/wp\/v2\/pages"}],"about":[{"href":"https:\/\/districtgriffin.com\/fr\/wp-json\/wp\/v2\/types\/page"}],"author":[{"embeddable":true,"href":"https:\/\/districtgriffin.com\/fr\/wp-json\/wp\/v2\/users\/6"}],"replies":[{"embeddable":true,"href":"https:\/\/districtgriffin.com\/fr\/wp-json\/wp\/v2\/comments?post=42"}],"version-history":[{"count":6,"href":"https:\/\/districtgriffin.com\/fr\/wp-json\/wp\/v2\/pages\/42\/revisions"}],"predecessor-version":[{"id":7134,"href":"https:\/\/districtgriffin.com\/fr\/wp-json\/wp\/v2\/pages\/42\/revisions\/7134"}],"up":[{"embeddable":true,"href":"https:\/\/districtgriffin.com\/fr\/wp-json\/wp\/v2\/pages\/32"}],"wp:featuredmedia":[{"embeddable":true,"href":"https:\/\/districtgriffin.com\/fr\/wp-json\/wp\/v2\/media\/7119"}],"wp:attachment":[{"href":"https:\/\/districtgriffin.com\/fr\/wp-json\/wp\/v2\/media?parent=42"}],"curies":[{"name":"wp","href":"https:\/\/api.w.org\/{rel}","templated":true}]}}