{"id":3089,"date":"2015-08-28T10:58:49","date_gmt":"2015-08-28T14:58:49","guid":{"rendered":"https:\/\/districtgriffin.com\/?page_id=3089"},"modified":"2015-09-18T17:01:07","modified_gmt":"2015-09-18T21:01:07","slug":"brunch-nouvelle-signature","status":"publish","type":"page","link":"https:\/\/districtgriffin.com\/fr\/brunch-nouvelle-signature\/","title":{"rendered":"BRUNCH: D\u00c9VOILEMENT NOUVELLE SIGNATURE!"},"content":{"rendered":"<section class=\"spacing--xlarge spacing--0top\">\n<div class=\"container\">\n<div class=\"row\">\n<div class=\"col-sm-12 col-md-10 col-md-offset-1\">\n<h1>DISTRICT GRIFFIN D\u00c9VOILE SA NOUVELLE SIGNATURE! LE 20 SEPTEMBRE 2015 AU 1040 RUE WELLINGTON (COIN PEEL) D\u00c8S 11H<\/h1>\n<p><strong>VENEZ D\u00c9COUVRIR LA NOUVELLE IDENTIT\u00c9 DE DISTRICT GRIFFIN DANS LE CADRE DE NOTRE BRUNCH SERVI PAR\u00a0COCO LOCO! Profitez aussi de l&rsquo;occasion pour\u00a0admirer notre tout nouveau bureau des ventes, m\u00e9tamorphos\u00e9\u00a0autant \u00e0 l&rsquo;int\u00e9rieur qu&rsquo;\u00e0 l&rsquo;ext\u00e9rieur!<\/strong><\/p>\n<p>DES PROMOTIONS VOUS SERONT EXCLUSIVEMENT R\u00c9SERV\u00c9ES POUR CET \u00c9V\u00c9NEMENT!<\/p>\n<p>INSCRIVEZ-VOUS EN NOUS ENVOYANT UN COURRIEL \u00c0<\/p>\n<p><a href=\"mailto:INFO@DISTRICTGRIFFIN.COM\">INFO@DISTRICTGRIFFIN.COM <\/a><\/p>\n<\/div>\n<\/div>\n<\/div>\n<\/section>\n<section class=\"spacing--jumbo spacing--0top\"><picture><source srcset=\"http:\/\/districtgriffin.globaliadev.com\/wp-content\/uploads\/2015\/09\/mosaique.jpg\" media=\"(min-width: 640px)\" \/><\/picture>\n<picture><source srcset=\"http:\/\/districtgriffin.globaliadev.com\/wp-content\/uploads\/2015\/09\/mosaique-small.jpg\" \/><\/picture>\n<picture> <img decoding=\"async\" src=\"http:\/\/districtgriffin.globaliadev.com\/wp-content\/uploads\/2015\/09\/mosaique.jpg\" alt=\"Mosaique\" \/><\/picture><\/section>\n","protected":false},"excerpt":{"rendered":"<p>DISTRICT GRIFFIN D\u00c9VOILE SA NOUVELLE SIGNATURE! LE 20 SEPTEMBRE 2015 AU 1040 RUE WELLINGTON (COIN PEEL) D\u00c8S 11H VENEZ D\u00c9COUVRIR LA NOUVELLE IDENTIT\u00c9 DE DISTRICT GRIFFIN DANS LE CADRE DE NOTRE BRUNCH SERVI PAR\u00a0COCO LOCO! Profitez aussi de l&rsquo;occasion pour\u00a0admirer&hellip; <a href=\"https:\/\/districtgriffin.com\/fr\/brunch-nouvelle-signature\/\" class=\"more-link\">Continue Reading <span class=\"meta-nav\">&rarr;<\/span><\/a><\/p>\n","protected":false},"author":7,"featured_media":0,"parent":0,"menu_order":0,"comment_status":"open","ping_status":"closed","template":"","meta":{"_acf_changed":false,"footnotes":""},"class_list":["post-3089","page","type-page","status-publish","hentry"],"acf":[],"yoast_head":"<!-- This site is optimized with the Yoast SEO plugin v27.3 - https:\/\/yoast.com\/product\/yoast-seo-wordpress\/ -->\n<title>BRUNCH: D\u00c9VOILEMENT NOUVELLE SIGNATURE! - District Griffin<\/title>\n<meta name=\"robots\" content=\"index, follow, max-snippet:-1, max-image-preview:large, max-video-preview:-1\" \/>\n<link rel=\"canonical\" href=\"https:\/\/districtgriffin.com\/fr\/brunch-nouvelle-signature\/\" \/>\n<meta property=\"og:locale\" content=\"fr_FR\" \/>\n<meta property=\"og:type\" content=\"article\" \/>\n<meta property=\"og:title\" content=\"BRUNCH: D\u00c9VOILEMENT NOUVELLE SIGNATURE! - District Griffin\" \/>\n<meta property=\"og:description\" content=\"DISTRICT GRIFFIN D\u00c9VOILE SA NOUVELLE SIGNATURE! LE 20 SEPTEMBRE 2015 AU 1040 RUE WELLINGTON (COIN PEEL) D\u00c8S 11H VENEZ D\u00c9COUVRIR LA NOUVELLE IDENTIT\u00c9 DE DISTRICT GRIFFIN DANS LE CADRE DE NOTRE BRUNCH SERVI PAR\u00a0COCO LOCO! Profitez aussi de l&rsquo;occasion pour\u00a0admirer&hellip; Continue Reading &rarr;\" \/>\n<meta property=\"og:url\" content=\"https:\/\/districtgriffin.com\/fr\/brunch-nouvelle-signature\/\" \/>\n<meta property=\"og:site_name\" content=\"District Griffin\" \/>\n<meta property=\"article:modified_time\" content=\"2015-09-18T21:01:07+00:00\" \/>\n<meta property=\"og:image\" content=\"http:\/\/districtgriffin.globaliadev.com\/wp-content\/uploads\/2015\/09\/mosaique.jpg\" \/>\n<script type=\"application\/ld+json\" class=\"yoast-schema-graph\">{\"@context\":\"https:\\\/\\\/schema.org\",\"@graph\":[{\"@type\":\"WebPage\",\"@id\":\"https:\\\/\\\/districtgriffin.com\\\/fr\\\/brunch-nouvelle-signature\\\/\",\"url\":\"https:\\\/\\\/districtgriffin.com\\\/fr\\\/brunch-nouvelle-signature\\\/\",\"name\":\"BRUNCH: D\u00c9VOILEMENT NOUVELLE SIGNATURE! - District Griffin\",\"isPartOf\":{\"@id\":\"https:\\\/\\\/districtgriffin.com\\\/en\\\/#website\"},\"primaryImageOfPage\":{\"@id\":\"https:\\\/\\\/districtgriffin.com\\\/fr\\\/brunch-nouvelle-signature\\\/#primaryimage\"},\"image\":{\"@id\":\"https:\\\/\\\/districtgriffin.com\\\/fr\\\/brunch-nouvelle-signature\\\/#primaryimage\"},\"thumbnailUrl\":\"http:\\\/\\\/districtgriffin.globaliadev.com\\\/wp-content\\\/uploads\\\/2015\\\/09\\\/mosaique.jpg\",\"datePublished\":\"2015-08-28T14:58:49+00:00\",\"dateModified\":\"2015-09-18T21:01:07+00:00\",\"breadcrumb\":{\"@id\":\"https:\\\/\\\/districtgriffin.com\\\/fr\\\/brunch-nouvelle-signature\\\/#breadcrumb\"},\"inLanguage\":\"fr-FR\",\"potentialAction\":[{\"@type\":\"ReadAction\",\"target\":[\"https:\\\/\\\/districtgriffin.com\\\/fr\\\/brunch-nouvelle-signature\\\/\"]}]},{\"@type\":\"ImageObject\",\"inLanguage\":\"fr-FR\",\"@id\":\"https:\\\/\\\/districtgriffin.com\\\/fr\\\/brunch-nouvelle-signature\\\/#primaryimage\",\"url\":\"http:\\\/\\\/districtgriffin.globaliadev.com\\\/wp-content\\\/uploads\\\/2015\\\/09\\\/mosaique.jpg\",\"contentUrl\":\"http:\\\/\\\/districtgriffin.globaliadev.com\\\/wp-content\\\/uploads\\\/2015\\\/09\\\/mosaique.jpg\"},{\"@type\":\"BreadcrumbList\",\"@id\":\"https:\\\/\\\/districtgriffin.com\\\/fr\\\/brunch-nouvelle-signature\\\/#breadcrumb\",\"itemListElement\":[{\"@type\":\"ListItem\",\"position\":1,\"name\":\"Home\",\"item\":\"https:\\\/\\\/districtgriffin.com\\\/fr\\\/\"},{\"@type\":\"ListItem\",\"position\":2,\"name\":\"BRUNCH: D\u00c9VOILEMENT NOUVELLE SIGNATURE!\"}]},{\"@type\":\"WebSite\",\"@id\":\"https:\\\/\\\/districtgriffin.com\\\/en\\\/#website\",\"url\":\"https:\\\/\\\/districtgriffin.com\\\/en\\\/\",\"name\":\"District Griffin\",\"description\":\"The biggest condo project in Montr\u00e9al\",\"potentialAction\":[{\"@type\":\"SearchAction\",\"target\":{\"@type\":\"EntryPoint\",\"urlTemplate\":\"https:\\\/\\\/districtgriffin.com\\\/en\\\/?s={search_term_string}\"},\"query-input\":{\"@type\":\"PropertyValueSpecification\",\"valueRequired\":true,\"valueName\":\"search_term_string\"}}],\"inLanguage\":\"fr-FR\"}]}<\/script>\n<!-- \/ Yoast SEO plugin. -->","yoast_head_json":{"title":"BRUNCH: D\u00c9VOILEMENT NOUVELLE SIGNATURE! - District Griffin","robots":{"index":"index","follow":"follow","max-snippet":"max-snippet:-1","max-image-preview":"max-image-preview:large","max-video-preview":"max-video-preview:-1"},"canonical":"https:\/\/districtgriffin.com\/fr\/brunch-nouvelle-signature\/","og_locale":"fr_FR","og_type":"article","og_title":"BRUNCH: D\u00c9VOILEMENT NOUVELLE SIGNATURE! - District Griffin","og_description":"DISTRICT GRIFFIN D\u00c9VOILE SA NOUVELLE SIGNATURE! LE 20 SEPTEMBRE 2015 AU 1040 RUE WELLINGTON (COIN PEEL) D\u00c8S 11H VENEZ D\u00c9COUVRIR LA NOUVELLE IDENTIT\u00c9 DE DISTRICT GRIFFIN DANS LE CADRE DE NOTRE BRUNCH SERVI PAR\u00a0COCO LOCO! Profitez aussi de l&rsquo;occasion pour\u00a0admirer&hellip; Continue Reading &rarr;","og_url":"https:\/\/districtgriffin.com\/fr\/brunch-nouvelle-signature\/","og_site_name":"District Griffin","article_modified_time":"2015-09-18T21:01:07+00:00","og_image":[{"url":"http:\/\/districtgriffin.globaliadev.com\/wp-content\/uploads\/2015\/09\/mosaique.jpg","type":"","width":"","height":""}],"schema":{"@context":"https:\/\/schema.org","@graph":[{"@type":"WebPage","@id":"https:\/\/districtgriffin.com\/fr\/brunch-nouvelle-signature\/","url":"https:\/\/districtgriffin.com\/fr\/brunch-nouvelle-signature\/","name":"BRUNCH: D\u00c9VOILEMENT NOUVELLE SIGNATURE! - District Griffin","isPartOf":{"@id":"https:\/\/districtgriffin.com\/en\/#website"},"primaryImageOfPage":{"@id":"https:\/\/districtgriffin.com\/fr\/brunch-nouvelle-signature\/#primaryimage"},"image":{"@id":"https:\/\/districtgriffin.com\/fr\/brunch-nouvelle-signature\/#primaryimage"},"thumbnailUrl":"http:\/\/districtgriffin.globaliadev.com\/wp-content\/uploads\/2015\/09\/mosaique.jpg","datePublished":"2015-08-28T14:58:49+00:00","dateModified":"2015-09-18T21:01:07+00:00","breadcrumb":{"@id":"https:\/\/districtgriffin.com\/fr\/brunch-nouvelle-signature\/#breadcrumb"},"inLanguage":"fr-FR","potentialAction":[{"@type":"ReadAction","target":["https:\/\/districtgriffin.com\/fr\/brunch-nouvelle-signature\/"]}]},{"@type":"ImageObject","inLanguage":"fr-FR","@id":"https:\/\/districtgriffin.com\/fr\/brunch-nouvelle-signature\/#primaryimage","url":"http:\/\/districtgriffin.globaliadev.com\/wp-content\/uploads\/2015\/09\/mosaique.jpg","contentUrl":"http:\/\/districtgriffin.globaliadev.com\/wp-content\/uploads\/2015\/09\/mosaique.jpg"},{"@type":"BreadcrumbList","@id":"https:\/\/districtgriffin.com\/fr\/brunch-nouvelle-signature\/#breadcrumb","itemListElement":[{"@type":"ListItem","position":1,"name":"Home","item":"https:\/\/districtgriffin.com\/fr\/"},{"@type":"ListItem","position":2,"name":"BRUNCH: D\u00c9VOILEMENT NOUVELLE SIGNATURE!"}]},{"@type":"WebSite","@id":"https:\/\/districtgriffin.com\/en\/#website","url":"https:\/\/districtgriffin.com\/en\/","name":"District Griffin","description":"The biggest condo project in Montr\u00e9al","potentialAction":[{"@type":"SearchAction","target":{"@type":"EntryPoint","urlTemplate":"https:\/\/districtgriffin.com\/en\/?s={search_term_string}"},"query-input":{"@type":"PropertyValueSpecification","valueRequired":true,"valueName":"search_term_string"}}],"inLanguage":"fr-FR"}]}},"_links":{"self":[{"href":"https:\/\/districtgriffin.com\/fr\/wp-json\/wp\/v2\/pages\/3089","targetHints":{"allow":["GET"]}}],"collection":[{"href":"https:\/\/districtgriffin.com\/fr\/wp-json\/wp\/v2\/pages"}],"about":[{"href":"https:\/\/districtgriffin.com\/fr\/wp-json\/wp\/v2\/types\/page"}],"author":[{"embeddable":true,"href":"https:\/\/districtgriffin.com\/fr\/wp-json\/wp\/v2\/users\/7"}],"replies":[{"embeddable":true,"href":"https:\/\/districtgriffin.com\/fr\/wp-json\/wp\/v2\/comments?post=3089"}],"version-history":[{"count":4,"href":"https:\/\/districtgriffin.com\/fr\/wp-json\/wp\/v2\/pages\/3089\/revisions"}],"predecessor-version":[{"id":3314,"href":"https:\/\/districtgriffin.com\/fr\/wp-json\/wp\/v2\/pages\/3089\/revisions\/3314"}],"wp:attachment":[{"href":"https:\/\/districtgriffin.com\/fr\/wp-json\/wp\/v2\/media?parent=3089"}],"curies":[{"name":"wp","href":"https:\/\/api.w.org\/{rel}","templated":true}]}}