{"id":30,"date":"2014-02-07T09:48:33","date_gmt":"2014-02-07T14:48:33","guid":{"rendered":"http:\/\/griffin.lubie.co\/?page_id=30"},"modified":"2021-05-06T09:50:51","modified_gmt":"2021-05-06T13:50:51","slug":"experience-devimco","status":"publish","type":"page","link":"https:\/\/districtgriffin.com\/fr\/experience-devimco\/","title":{"rendered":"L&rsquo;exp\u00e9rience Devimco Immobilier"},"content":{"rendered":"<section class=\"spacing--xxlarge spacing--0top\">\n<div class=\"container\">\n<div class=\"row\">\n<div class=\"col-sm-12 col-md-8 col-md-offset-2\">\n<p>&nbsp;<\/p>\n<p><img loading=\"lazy\" decoding=\"async\" class=\"aligncenter\" src=\"https:\/\/districtgriffin.com\/wp-content\/uploads\/2014\/02\/devimco-logo.jpg\" alt=\"devimco-logo\" width=\"221\" height=\"137\" \/><\/p>\n<p>En affaires depuis 1997, <b>Devimco Immobilier<\/b> est aujourd&rsquo;hui un chef de file du d\u00e9veloppement immobilier au Qu\u00e9bec. Soci\u00e9t\u00e9 priv\u00e9e, elle b\u00e9n\u00e9ficie de l&rsquo;appui financier de partenaires institutionnels et priv\u00e9s, ainsi que de caisses de retraite pour se d\u00e9marquer dans l&rsquo;\u00e9laboration et la mise en oeuvre de <b>projets immobiliers<\/b> d&rsquo;envergure, notamment des complexes de type lifestyle.<\/p>\n<p><a class=\"btn btn--white\" href=\"https:\/\/devimco.com\/\" target=\"_blank\" rel=\"noopener noreferrer\">Visiter notre site<\/a><\/p>\n<\/div>\n<\/div>\n<\/div>\n<\/section>\n<section><picture><source srcset=\"https:\/\/districtgriffin.com\/wp-content\/uploads\/2017\/02\/about-mosaic-desktop.jpg\" media=\"(min-width: 640px)\" \/><\/picture> <picture><source srcset=\"https:\/\/districtgriffin.com\/wp-content\/uploads\/2017\/02\/mosaique-small.jpg\" \/><\/picture> <picture> <img decoding=\"async\" src=\"https:\/\/districtgriffin.com\/wp-content\/uploads\/2017\/02\/about-mosaic-desktop.jpg\" alt=\"Mosaique\" \/><\/picture><\/section>\n<section class=\"quote\">\n<div class=\"container\">\n<div class=\"row\">\n<div class=\"col-sm-12 col-md-8 col-md-offset-2\">\n<blockquote><p>Toujours \u00e0 l&rsquo;avant garde des tendances, Devimco Immobilier privil\u00e9gie \u00e9galement l&rsquo;\u00e9laboration et la mise en oeuvre de projets de type \u00ab\u00a0milieu de vie\u00a0\u00bb alliant des composantes commerciales, affaires, loisirs et r\u00e9sidentielles (work, live and play).<\/p><\/blockquote>\n<\/div>\n<\/div>\n<\/div>\n<\/section>\n<section class=\"spacing--xxlarge\">\n<div class=\"container\">\n<div class=\"row\">\n<div class=\"col-sm-12 col-md-6\">\n<p>Dans cet esprit, <b>Devimco Immobilier <\/b>travaille depuis 2005 \u00e0 la conception du plus grand <b>projet immobilier <\/b>priv\u00e9 de <b>Montr\u00e9al<\/b>, soit le District Griffin<sup>MD<\/sup>. Fort de son exp\u00e9rience dans le domaine immobilier, <b>Devimco Immobilier<\/b> s&rsquo;est associ\u00e9 \u00e0 des intervenants et professionnels chevronn\u00e9s qui oeuvrent dans le march\u00e9 urbain de <b>Montr\u00e9al<\/b> depuis plusieurs ann\u00e9es afin de faire du projet District Griffin<sup>MD<\/sup> un v\u00e9ritable milieu de vie o\u00f9 tout le tissu social d&rsquo;une vraie communaut\u00e9 sera repr\u00e9sent\u00e9.<\/p>\n<\/div>\n<div class=\"col-sm-12 col-md-6\">\n<p><b>Devimco Immobilier<\/b> a d&rsquo;ailleurs \u00e9t\u00e9 la premi\u00e8re soci\u00e9t\u00e9 immobili\u00e8re \u00e0 d\u00e9velopper un complexe de ce type au Canada, soit le Quartier DIX30<sup>MC<\/sup>, qui est le deuxi\u00e8me plus grand centre commercial au pays ainsi que d&rsquo;autres projets d&rsquo;envergure tels que le M\u00e9gacentre Notre-Dame \u00e0 Laval, le Carrefour Champ\u00eatre \u00e0 Bromont, le M\u00e9gacentre Lebourgneuf, le M\u00e9gacentre Beauport, le tout pour plus de 5 millions de pieds carr\u00e9s de d\u00e9veloppement immobilier.<\/p>\n<\/div>\n<\/div>\n<\/div>\n<\/section>\n","protected":false},"excerpt":{"rendered":"<p>&nbsp; En affaires depuis 1997, Devimco Immobilier est aujourd&rsquo;hui un chef de file du d\u00e9veloppement immobilier au Qu\u00e9bec. Soci\u00e9t\u00e9 priv\u00e9e, elle b\u00e9n\u00e9ficie de l&rsquo;appui financier de partenaires institutionnels et priv\u00e9s, ainsi que de caisses de retraite pour se d\u00e9marquer dans&hellip; <a href=\"https:\/\/districtgriffin.com\/fr\/experience-devimco\/\" class=\"more-link\">Continue Reading <span class=\"meta-nav\">&rarr;<\/span><\/a><\/p>\n","protected":false},"author":6,"featured_media":11740,"parent":0,"menu_order":0,"comment_status":"open","ping_status":"closed","template":"","meta":{"_acf_changed":false,"footnotes":""},"class_list":["post-30","page","type-page","status-publish","has-post-thumbnail","hentry"],"acf":[],"yoast_head":"<!-- This site is optimized with the Yoast SEO plugin v26.7 - https:\/\/yoast.com\/wordpress\/plugins\/seo\/ -->\n<title>Devimco Immobilier - Promoteur \u00e0 Griffintown | District Griffin<\/title>\n<meta name=\"description\" content=\"D\u00e9couvrez l&#039;exp\u00e9rience Devimco Immobilier. Achetez ou louez votre condo District Griffin pour vivre un style de vie privil\u00e9gi\u00e9 au c\u0153ur de Griffintown.\" \/>\n<meta name=\"robots\" content=\"index, follow, max-snippet:-1, max-image-preview:large, max-video-preview:-1\" \/>\n<link rel=\"canonical\" href=\"https:\/\/districtgriffin.com\/fr\/experience-devimco\/\" \/>\n<meta property=\"og:locale\" content=\"fr_FR\" \/>\n<meta property=\"og:type\" content=\"article\" \/>\n<meta property=\"og:title\" content=\"Devimco Immobilier - Promoteur \u00e0 Griffintown | District Griffin\" \/>\n<meta property=\"og:description\" content=\"D\u00e9couvrez l&#039;exp\u00e9rience Devimco Immobilier. Achetez ou louez votre condo District Griffin pour vivre un style de vie privil\u00e9gi\u00e9 au c\u0153ur de Griffintown.\" \/>\n<meta property=\"og:url\" content=\"https:\/\/districtgriffin.com\/fr\/experience-devimco\/\" \/>\n<meta property=\"og:site_name\" content=\"District Griffin\" \/>\n<meta property=\"article:modified_time\" content=\"2021-05-06T13:50:51+00:00\" \/>\n<meta property=\"og:image\" content=\"https:\/\/districtgriffin.com\/wp-content\/uploads\/2014\/02\/2012-04-19-DG_Devimco_Phase03_Piscine1920x440.jpg\" \/>\n\t<meta property=\"og:image:width\" content=\"1920\" \/>\n\t<meta property=\"og:image:height\" content=\"440\" \/>\n\t<meta property=\"og:image:type\" content=\"image\/jpeg\" \/>\n<meta name=\"twitter:label1\" content=\"Dur\u00e9e de lecture estim\u00e9e\" \/>\n\t<meta name=\"twitter:data1\" content=\"1 minute\" \/>\n<script type=\"application\/ld+json\" class=\"yoast-schema-graph\">{\"@context\":\"https:\/\/schema.org\",\"@graph\":[{\"@type\":\"WebPage\",\"@id\":\"https:\/\/districtgriffin.com\/fr\/experience-devimco\/\",\"url\":\"https:\/\/districtgriffin.com\/fr\/experience-devimco\/\",\"name\":\"Devimco Immobilier - Promoteur \u00e0 Griffintown | District Griffin\",\"isPartOf\":{\"@id\":\"https:\/\/districtgriffin.com\/en\/#website\"},\"primaryImageOfPage\":{\"@id\":\"https:\/\/districtgriffin.com\/fr\/experience-devimco\/#primaryimage\"},\"image\":{\"@id\":\"https:\/\/districtgriffin.com\/fr\/experience-devimco\/#primaryimage\"},\"thumbnailUrl\":\"https:\/\/districtgriffin.com\/wp-content\/uploads\/2014\/02\/2012-04-19-DG_Devimco_Phase03_Piscine1920x440.jpg\",\"datePublished\":\"2014-02-07T14:48:33+00:00\",\"dateModified\":\"2021-05-06T13:50:51+00:00\",\"description\":\"D\u00e9couvrez l'exp\u00e9rience Devimco Immobilier. Achetez ou louez votre condo District Griffin pour vivre un style de vie privil\u00e9gi\u00e9 au c\u0153ur de Griffintown.\",\"breadcrumb\":{\"@id\":\"https:\/\/districtgriffin.com\/fr\/experience-devimco\/#breadcrumb\"},\"inLanguage\":\"fr-FR\",\"potentialAction\":[{\"@type\":\"ReadAction\",\"target\":[\"https:\/\/districtgriffin.com\/fr\/experience-devimco\/\"]}]},{\"@type\":\"ImageObject\",\"inLanguage\":\"fr-FR\",\"@id\":\"https:\/\/districtgriffin.com\/fr\/experience-devimco\/#primaryimage\",\"url\":\"https:\/\/districtgriffin.com\/wp-content\/uploads\/2014\/02\/2012-04-19-DG_Devimco_Phase03_Piscine1920x440.jpg\",\"contentUrl\":\"https:\/\/districtgriffin.com\/wp-content\/uploads\/2014\/02\/2012-04-19-DG_Devimco_Phase03_Piscine1920x440.jpg\",\"width\":1920,\"height\":440},{\"@type\":\"BreadcrumbList\",\"@id\":\"https:\/\/districtgriffin.com\/fr\/experience-devimco\/#breadcrumb\",\"itemListElement\":[{\"@type\":\"ListItem\",\"position\":1,\"name\":\"Home\",\"item\":\"https:\/\/districtgriffin.com\/fr\/\"},{\"@type\":\"ListItem\",\"position\":2,\"name\":\"L&rsquo;exp\u00e9rience Devimco Immobilier\"}]},{\"@type\":\"WebSite\",\"@id\":\"https:\/\/districtgriffin.com\/en\/#website\",\"url\":\"https:\/\/districtgriffin.com\/en\/\",\"name\":\"District Griffin\",\"description\":\"The biggest condo project in Montr\u00e9al\",\"potentialAction\":[{\"@type\":\"SearchAction\",\"target\":{\"@type\":\"EntryPoint\",\"urlTemplate\":\"https:\/\/districtgriffin.com\/en\/?s={search_term_string}\"},\"query-input\":{\"@type\":\"PropertyValueSpecification\",\"valueRequired\":true,\"valueName\":\"search_term_string\"}}],\"inLanguage\":\"fr-FR\"}]}<\/script>\n<!-- \/ Yoast SEO plugin. -->","yoast_head_json":{"title":"Devimco Immobilier - Promoteur \u00e0 Griffintown | District Griffin","description":"D\u00e9couvrez l'exp\u00e9rience Devimco Immobilier. Achetez ou louez votre condo District Griffin pour vivre un style de vie privil\u00e9gi\u00e9 au c\u0153ur de Griffintown.","robots":{"index":"index","follow":"follow","max-snippet":"max-snippet:-1","max-image-preview":"max-image-preview:large","max-video-preview":"max-video-preview:-1"},"canonical":"https:\/\/districtgriffin.com\/fr\/experience-devimco\/","og_locale":"fr_FR","og_type":"article","og_title":"Devimco Immobilier - Promoteur \u00e0 Griffintown | District Griffin","og_description":"D\u00e9couvrez l'exp\u00e9rience Devimco Immobilier. Achetez ou louez votre condo District Griffin pour vivre un style de vie privil\u00e9gi\u00e9 au c\u0153ur de Griffintown.","og_url":"https:\/\/districtgriffin.com\/fr\/experience-devimco\/","og_site_name":"District Griffin","article_modified_time":"2021-05-06T13:50:51+00:00","og_image":[{"width":1920,"height":440,"url":"https:\/\/districtgriffin.com\/wp-content\/uploads\/2014\/02\/2012-04-19-DG_Devimco_Phase03_Piscine1920x440.jpg","type":"image\/jpeg"}],"twitter_misc":{"Dur\u00e9e de lecture estim\u00e9e":"1 minute"},"schema":{"@context":"https:\/\/schema.org","@graph":[{"@type":"WebPage","@id":"https:\/\/districtgriffin.com\/fr\/experience-devimco\/","url":"https:\/\/districtgriffin.com\/fr\/experience-devimco\/","name":"Devimco Immobilier - Promoteur \u00e0 Griffintown | District Griffin","isPartOf":{"@id":"https:\/\/districtgriffin.com\/en\/#website"},"primaryImageOfPage":{"@id":"https:\/\/districtgriffin.com\/fr\/experience-devimco\/#primaryimage"},"image":{"@id":"https:\/\/districtgriffin.com\/fr\/experience-devimco\/#primaryimage"},"thumbnailUrl":"https:\/\/districtgriffin.com\/wp-content\/uploads\/2014\/02\/2012-04-19-DG_Devimco_Phase03_Piscine1920x440.jpg","datePublished":"2014-02-07T14:48:33+00:00","dateModified":"2021-05-06T13:50:51+00:00","description":"D\u00e9couvrez l'exp\u00e9rience Devimco Immobilier. Achetez ou louez votre condo District Griffin pour vivre un style de vie privil\u00e9gi\u00e9 au c\u0153ur de Griffintown.","breadcrumb":{"@id":"https:\/\/districtgriffin.com\/fr\/experience-devimco\/#breadcrumb"},"inLanguage":"fr-FR","potentialAction":[{"@type":"ReadAction","target":["https:\/\/districtgriffin.com\/fr\/experience-devimco\/"]}]},{"@type":"ImageObject","inLanguage":"fr-FR","@id":"https:\/\/districtgriffin.com\/fr\/experience-devimco\/#primaryimage","url":"https:\/\/districtgriffin.com\/wp-content\/uploads\/2014\/02\/2012-04-19-DG_Devimco_Phase03_Piscine1920x440.jpg","contentUrl":"https:\/\/districtgriffin.com\/wp-content\/uploads\/2014\/02\/2012-04-19-DG_Devimco_Phase03_Piscine1920x440.jpg","width":1920,"height":440},{"@type":"BreadcrumbList","@id":"https:\/\/districtgriffin.com\/fr\/experience-devimco\/#breadcrumb","itemListElement":[{"@type":"ListItem","position":1,"name":"Home","item":"https:\/\/districtgriffin.com\/fr\/"},{"@type":"ListItem","position":2,"name":"L&rsquo;exp\u00e9rience Devimco Immobilier"}]},{"@type":"WebSite","@id":"https:\/\/districtgriffin.com\/en\/#website","url":"https:\/\/districtgriffin.com\/en\/","name":"District Griffin","description":"The biggest condo project in Montr\u00e9al","potentialAction":[{"@type":"SearchAction","target":{"@type":"EntryPoint","urlTemplate":"https:\/\/districtgriffin.com\/en\/?s={search_term_string}"},"query-input":{"@type":"PropertyValueSpecification","valueRequired":true,"valueName":"search_term_string"}}],"inLanguage":"fr-FR"}]}},"_links":{"self":[{"href":"https:\/\/districtgriffin.com\/fr\/wp-json\/wp\/v2\/pages\/30","targetHints":{"allow":["GET"]}}],"collection":[{"href":"https:\/\/districtgriffin.com\/fr\/wp-json\/wp\/v2\/pages"}],"about":[{"href":"https:\/\/districtgriffin.com\/fr\/wp-json\/wp\/v2\/types\/page"}],"author":[{"embeddable":true,"href":"https:\/\/districtgriffin.com\/fr\/wp-json\/wp\/v2\/users\/6"}],"replies":[{"embeddable":true,"href":"https:\/\/districtgriffin.com\/fr\/wp-json\/wp\/v2\/comments?post=30"}],"version-history":[{"count":5,"href":"https:\/\/districtgriffin.com\/fr\/wp-json\/wp\/v2\/pages\/30\/revisions"}],"predecessor-version":[{"id":13254,"href":"https:\/\/districtgriffin.com\/fr\/wp-json\/wp\/v2\/pages\/30\/revisions\/13254"}],"wp:featuredmedia":[{"embeddable":true,"href":"https:\/\/districtgriffin.com\/fr\/wp-json\/wp\/v2\/media\/11740"}],"wp:attachment":[{"href":"https:\/\/districtgriffin.com\/fr\/wp-json\/wp\/v2\/media?parent=30"}],"curies":[{"name":"wp","href":"https:\/\/api.w.org\/{rel}","templated":true}]}}