{"id":2869,"date":"2015-06-17T14:00:22","date_gmt":"2015-06-17T18:00:22","guid":{"rendered":"https:\/\/districtgriffin.com\/?page_id=2869"},"modified":"2015-06-17T15:29:33","modified_gmt":"2015-06-17T19:29:33","slug":"brunch-portes-ouvertes","status":"publish","type":"page","link":"https:\/\/districtgriffin.com\/fr\/brunch-portes-ouvertes\/","title":{"rendered":"BRUNCH PORTES OUVERTES!"},"content":{"rendered":"<p>&nbsp;<\/p>\n<h2 style=\"text-align: center; text-transform: uppercase; margin-bottom: 25px; margin-top: 25px;\"><strong><span class=\"tstarlight-28\">VENEZ \u00ab\u00a0BRUNCHER\u00a0\u00bb\u00a0dans votre futur quartier!<br \/>\n<\/span><\/strong><strong><span class=\"tstarlight-28\">LE 28 JUIN 2015<br \/>\nAU 1040 RUE WELLINGTON (COIN pEEL)<br \/>\nD\u00c8S 11H<\/span><\/strong><\/h2>\n<p>&nbsp;<\/p>\n<h2 style=\"text-align: center; text-transform: uppercase; margin-bottom: 25px; margin-top: 25px;\"><strong><span class=\"tstarlight-28\">DES PROMOTIONS VOUS SONT EXCLUSIVEMENT R\u00c9SERV\u00c9ES POUR CET \u00c9V\u00c9NEMENT!<br \/>\nPROFITEZ DE L&rsquo;OCCASION POUR\u00a0visiter nos 3 condos mod\u00e8les et<br \/>\nvous imaginer vivre \u00e0 District Griffin<\/span><\/strong><\/h2>\n<p style=\"text-align: center;\"><span class=\"tstarlight-20\"><strong>UN CHEF SERA AUSSI SUR PLACE POUR\u00a0CUISINER SP\u00c9CIALEMENT POUR VOUS!<\/strong><\/span><\/p>\n<p><span class=\"tstarlight-20\"><strong>\u00a0<\/strong><\/span>\u00a0<strong><span class=\"tstarlight-20\">\u00a0<\/span><\/strong><\/p>\n<p style=\"text-align: center;\"><span class=\"tstarbold-28 peel\">COMMUNIQUEZ AVEC NOTRE \u00c9QUIPE POUR EN SAVOIR PLUS!<\/span><\/p>\n<p style=\"text-align: center;\"><strong><span class=\"tstarlight-20\"><a href=\"mailto:INFO@DISTRICTGRIFFIN.COM\">INFO@DISTRICTGRIFFIN.COM <\/a>\u00a0 \u00a0 \u00a0 \u00a0 \u00a0 \u00a0 \u00a0514 914-4743<\/span><\/strong><\/p>\n<p>\u00a0<strong><span class=\"tstarlight-20\">\u00a0<\/span><\/strong><\/p>\n<p><img loading=\"lazy\" decoding=\"async\" class=\"aligncenter wp-image-2357 size-full\" src=\"https:\/\/districtgriffin.com\/wp-content\/uploads\/2015\/03\/mosaic-image.png\" alt=\"mosaique\" width=\"939\" height=\"408\" \/><\/p>\n<p>&nbsp;<\/p>\n<p>&nbsp;<\/p>\n","protected":false},"excerpt":{"rendered":"<p>&nbsp; VENEZ \u00ab\u00a0BRUNCHER\u00a0\u00bb\u00a0dans votre futur quartier! LE 28 JUIN 2015 AU 1040 RUE WELLINGTON (COIN pEEL) D\u00c8S 11H &nbsp; DES PROMOTIONS VOUS SONT EXCLUSIVEMENT R\u00c9SERV\u00c9ES POUR CET \u00c9V\u00c9NEMENT! PROFITEZ DE L&rsquo;OCCASION POUR\u00a0visiter nos 3 condos mod\u00e8les et vous imaginer vivre&hellip; <a href=\"https:\/\/districtgriffin.com\/fr\/brunch-portes-ouvertes\/\" class=\"more-link\">Continue Reading <span class=\"meta-nav\">&rarr;<\/span><\/a><\/p>\n","protected":false},"author":7,"featured_media":2879,"parent":0,"menu_order":0,"comment_status":"open","ping_status":"closed","template":"page-template-inscription.php","meta":{"_acf_changed":false,"footnotes":""},"class_list":["post-2869","page","type-page","status-publish","has-post-thumbnail","hentry"],"acf":[],"yoast_head":"<!-- This site is optimized with the Yoast SEO plugin v27.3 - https:\/\/yoast.com\/product\/yoast-seo-wordpress\/ -->\n<title>BRUNCH PORTES OUVERTES! - District Griffin<\/title>\n<meta name=\"robots\" content=\"index, follow, max-snippet:-1, max-image-preview:large, max-video-preview:-1\" \/>\n<link rel=\"canonical\" href=\"https:\/\/districtgriffin.com\/fr\/brunch-portes-ouvertes\/\" \/>\n<meta property=\"og:locale\" content=\"fr_FR\" \/>\n<meta property=\"og:type\" content=\"article\" \/>\n<meta property=\"og:title\" content=\"BRUNCH PORTES OUVERTES! - District Griffin\" \/>\n<meta property=\"og:description\" content=\"&nbsp; VENEZ \u00ab\u00a0BRUNCHER\u00a0\u00bb\u00a0dans votre futur quartier! LE 28 JUIN 2015 AU 1040 RUE WELLINGTON (COIN pEEL) D\u00c8S 11H &nbsp; DES PROMOTIONS VOUS SONT EXCLUSIVEMENT R\u00c9SERV\u00c9ES POUR CET \u00c9V\u00c9NEMENT! PROFITEZ DE L&rsquo;OCCASION POUR\u00a0visiter nos 3 condos mod\u00e8les et vous imaginer vivre&hellip; Continue Reading &rarr;\" \/>\n<meta property=\"og:url\" content=\"https:\/\/districtgriffin.com\/fr\/brunch-portes-ouvertes\/\" \/>\n<meta property=\"og:site_name\" content=\"District Griffin\" \/>\n<meta property=\"article:modified_time\" content=\"2015-06-17T19:29:33+00:00\" \/>\n<meta property=\"og:image\" content=\"https:\/\/districtgriffin.com\/wp-content\/uploads\/2015\/06\/slider5_brunch.jpg\" \/>\n\t<meta property=\"og:image:width\" content=\"2000\" \/>\n\t<meta property=\"og:image:height\" content=\"728\" \/>\n\t<meta property=\"og:image:type\" content=\"image\/jpeg\" \/>\n<script type=\"application\/ld+json\" class=\"yoast-schema-graph\">{\"@context\":\"https:\\\/\\\/schema.org\",\"@graph\":[{\"@type\":\"WebPage\",\"@id\":\"https:\\\/\\\/districtgriffin.com\\\/fr\\\/brunch-portes-ouvertes\\\/\",\"url\":\"https:\\\/\\\/districtgriffin.com\\\/fr\\\/brunch-portes-ouvertes\\\/\",\"name\":\"BRUNCH PORTES OUVERTES! - District Griffin\",\"isPartOf\":{\"@id\":\"https:\\\/\\\/districtgriffin.com\\\/en\\\/#website\"},\"primaryImageOfPage\":{\"@id\":\"https:\\\/\\\/districtgriffin.com\\\/fr\\\/brunch-portes-ouvertes\\\/#primaryimage\"},\"image\":{\"@id\":\"https:\\\/\\\/districtgriffin.com\\\/fr\\\/brunch-portes-ouvertes\\\/#primaryimage\"},\"thumbnailUrl\":\"https:\\\/\\\/districtgriffin.com\\\/wp-content\\\/uploads\\\/2015\\\/06\\\/slider5_brunch.jpg\",\"datePublished\":\"2015-06-17T18:00:22+00:00\",\"dateModified\":\"2015-06-17T19:29:33+00:00\",\"breadcrumb\":{\"@id\":\"https:\\\/\\\/districtgriffin.com\\\/fr\\\/brunch-portes-ouvertes\\\/#breadcrumb\"},\"inLanguage\":\"fr-FR\",\"potentialAction\":[{\"@type\":\"ReadAction\",\"target\":[\"https:\\\/\\\/districtgriffin.com\\\/fr\\\/brunch-portes-ouvertes\\\/\"]}]},{\"@type\":\"ImageObject\",\"inLanguage\":\"fr-FR\",\"@id\":\"https:\\\/\\\/districtgriffin.com\\\/fr\\\/brunch-portes-ouvertes\\\/#primaryimage\",\"url\":\"https:\\\/\\\/districtgriffin.com\\\/wp-content\\\/uploads\\\/2015\\\/06\\\/slider5_brunch.jpg\",\"contentUrl\":\"https:\\\/\\\/districtgriffin.com\\\/wp-content\\\/uploads\\\/2015\\\/06\\\/slider5_brunch.jpg\",\"width\":2000,\"height\":728},{\"@type\":\"BreadcrumbList\",\"@id\":\"https:\\\/\\\/districtgriffin.com\\\/fr\\\/brunch-portes-ouvertes\\\/#breadcrumb\",\"itemListElement\":[{\"@type\":\"ListItem\",\"position\":1,\"name\":\"Home\",\"item\":\"https:\\\/\\\/districtgriffin.com\\\/fr\\\/\"},{\"@type\":\"ListItem\",\"position\":2,\"name\":\"BRUNCH PORTES OUVERTES!\"}]},{\"@type\":\"WebSite\",\"@id\":\"https:\\\/\\\/districtgriffin.com\\\/en\\\/#website\",\"url\":\"https:\\\/\\\/districtgriffin.com\\\/en\\\/\",\"name\":\"District Griffin\",\"description\":\"The biggest condo project in Montr\u00e9al\",\"potentialAction\":[{\"@type\":\"SearchAction\",\"target\":{\"@type\":\"EntryPoint\",\"urlTemplate\":\"https:\\\/\\\/districtgriffin.com\\\/en\\\/?s={search_term_string}\"},\"query-input\":{\"@type\":\"PropertyValueSpecification\",\"valueRequired\":true,\"valueName\":\"search_term_string\"}}],\"inLanguage\":\"fr-FR\"}]}<\/script>\n<!-- \/ Yoast SEO plugin. -->","yoast_head_json":{"title":"BRUNCH PORTES OUVERTES! - District Griffin","robots":{"index":"index","follow":"follow","max-snippet":"max-snippet:-1","max-image-preview":"max-image-preview:large","max-video-preview":"max-video-preview:-1"},"canonical":"https:\/\/districtgriffin.com\/fr\/brunch-portes-ouvertes\/","og_locale":"fr_FR","og_type":"article","og_title":"BRUNCH PORTES OUVERTES! - District Griffin","og_description":"&nbsp; VENEZ \u00ab\u00a0BRUNCHER\u00a0\u00bb\u00a0dans votre futur quartier! LE 28 JUIN 2015 AU 1040 RUE WELLINGTON (COIN pEEL) D\u00c8S 11H &nbsp; DES PROMOTIONS VOUS SONT EXCLUSIVEMENT R\u00c9SERV\u00c9ES POUR CET \u00c9V\u00c9NEMENT! PROFITEZ DE L&rsquo;OCCASION POUR\u00a0visiter nos 3 condos mod\u00e8les et vous imaginer vivre&hellip; Continue Reading &rarr;","og_url":"https:\/\/districtgriffin.com\/fr\/brunch-portes-ouvertes\/","og_site_name":"District Griffin","article_modified_time":"2015-06-17T19:29:33+00:00","og_image":[{"width":2000,"height":728,"url":"https:\/\/districtgriffin.com\/wp-content\/uploads\/2015\/06\/slider5_brunch.jpg","type":"image\/jpeg"}],"schema":{"@context":"https:\/\/schema.org","@graph":[{"@type":"WebPage","@id":"https:\/\/districtgriffin.com\/fr\/brunch-portes-ouvertes\/","url":"https:\/\/districtgriffin.com\/fr\/brunch-portes-ouvertes\/","name":"BRUNCH PORTES OUVERTES! - District Griffin","isPartOf":{"@id":"https:\/\/districtgriffin.com\/en\/#website"},"primaryImageOfPage":{"@id":"https:\/\/districtgriffin.com\/fr\/brunch-portes-ouvertes\/#primaryimage"},"image":{"@id":"https:\/\/districtgriffin.com\/fr\/brunch-portes-ouvertes\/#primaryimage"},"thumbnailUrl":"https:\/\/districtgriffin.com\/wp-content\/uploads\/2015\/06\/slider5_brunch.jpg","datePublished":"2015-06-17T18:00:22+00:00","dateModified":"2015-06-17T19:29:33+00:00","breadcrumb":{"@id":"https:\/\/districtgriffin.com\/fr\/brunch-portes-ouvertes\/#breadcrumb"},"inLanguage":"fr-FR","potentialAction":[{"@type":"ReadAction","target":["https:\/\/districtgriffin.com\/fr\/brunch-portes-ouvertes\/"]}]},{"@type":"ImageObject","inLanguage":"fr-FR","@id":"https:\/\/districtgriffin.com\/fr\/brunch-portes-ouvertes\/#primaryimage","url":"https:\/\/districtgriffin.com\/wp-content\/uploads\/2015\/06\/slider5_brunch.jpg","contentUrl":"https:\/\/districtgriffin.com\/wp-content\/uploads\/2015\/06\/slider5_brunch.jpg","width":2000,"height":728},{"@type":"BreadcrumbList","@id":"https:\/\/districtgriffin.com\/fr\/brunch-portes-ouvertes\/#breadcrumb","itemListElement":[{"@type":"ListItem","position":1,"name":"Home","item":"https:\/\/districtgriffin.com\/fr\/"},{"@type":"ListItem","position":2,"name":"BRUNCH PORTES OUVERTES!"}]},{"@type":"WebSite","@id":"https:\/\/districtgriffin.com\/en\/#website","url":"https:\/\/districtgriffin.com\/en\/","name":"District Griffin","description":"The biggest condo project in Montr\u00e9al","potentialAction":[{"@type":"SearchAction","target":{"@type":"EntryPoint","urlTemplate":"https:\/\/districtgriffin.com\/en\/?s={search_term_string}"},"query-input":{"@type":"PropertyValueSpecification","valueRequired":true,"valueName":"search_term_string"}}],"inLanguage":"fr-FR"}]}},"_links":{"self":[{"href":"https:\/\/districtgriffin.com\/fr\/wp-json\/wp\/v2\/pages\/2869","targetHints":{"allow":["GET"]}}],"collection":[{"href":"https:\/\/districtgriffin.com\/fr\/wp-json\/wp\/v2\/pages"}],"about":[{"href":"https:\/\/districtgriffin.com\/fr\/wp-json\/wp\/v2\/types\/page"}],"author":[{"embeddable":true,"href":"https:\/\/districtgriffin.com\/fr\/wp-json\/wp\/v2\/users\/7"}],"replies":[{"embeddable":true,"href":"https:\/\/districtgriffin.com\/fr\/wp-json\/wp\/v2\/comments?post=2869"}],"version-history":[{"count":3,"href":"https:\/\/districtgriffin.com\/fr\/wp-json\/wp\/v2\/pages\/2869\/revisions"}],"predecessor-version":[{"id":2884,"href":"https:\/\/districtgriffin.com\/fr\/wp-json\/wp\/v2\/pages\/2869\/revisions\/2884"}],"wp:featuredmedia":[{"embeddable":true,"href":"https:\/\/districtgriffin.com\/fr\/wp-json\/wp\/v2\/media\/2879"}],"wp:attachment":[{"href":"https:\/\/districtgriffin.com\/fr\/wp-json\/wp\/v2\/media?parent=2869"}],"curies":[{"name":"wp","href":"https:\/\/api.w.org\/{rel}","templated":true}]}}