{"id":28,"date":"2014-02-07T09:48:04","date_gmt":"2014-02-07T14:48:04","guid":{"rendered":"http:\/\/griffin.lubie.co\/?page_id=28"},"modified":"2021-04-29T14:17:23","modified_gmt":"2021-04-29T18:17:23","slug":"contact","status":"publish","type":"page","link":"https:\/\/districtgriffin.com\/fr\/contact\/","title":{"rendered":"Nous joindre"},"content":{"rendered":"","protected":false},"excerpt":{"rendered":"","protected":false},"author":6,"featured_media":0,"parent":0,"menu_order":0,"comment_status":"open","ping_status":"closed","template":"page-template-contact.php","meta":{"_acf_changed":false,"footnotes":""},"class_list":["post-28","page","type-page","status-publish","hentry"],"acf":[],"yoast_head":"<!-- This site is optimized with the Yoast SEO plugin v27.3 - https:\/\/yoast.com\/product\/yoast-seo-wordpress\/ -->\n<title>Contact | 514-914-4743, 780 Wellington ste. 101| District Griffin<\/title>\n<meta name=\"description\" content=\"Vous avez des questions? Communiquez avec un repr\u00e9sentant District Griffin par t\u00e9l\u00e9phone ou courriel pour tout savoir sur nos condos \u00e0 Griffintown.\" \/>\n<meta name=\"robots\" content=\"index, follow, max-snippet:-1, max-image-preview:large, max-video-preview:-1\" \/>\n<link rel=\"canonical\" href=\"https:\/\/districtgriffin.com\/fr\/contact\/\" \/>\n<meta property=\"og:locale\" content=\"fr_FR\" \/>\n<meta property=\"og:type\" content=\"article\" \/>\n<meta property=\"og:title\" content=\"Contact | 514-914-4743, 780 Wellington ste. 101| District Griffin\" \/>\n<meta property=\"og:description\" content=\"Vous avez des questions? Communiquez avec un repr\u00e9sentant District Griffin par t\u00e9l\u00e9phone ou courriel pour tout savoir sur nos condos \u00e0 Griffintown.\" \/>\n<meta property=\"og:url\" content=\"https:\/\/districtgriffin.com\/fr\/contact\/\" \/>\n<meta property=\"og:site_name\" content=\"District Griffin\" \/>\n<meta property=\"article:modified_time\" content=\"2021-04-29T18:17:23+00:00\" \/>\n<script type=\"application\/ld+json\" class=\"yoast-schema-graph\">{\"@context\":\"https:\\\/\\\/schema.org\",\"@graph\":[{\"@type\":\"WebPage\",\"@id\":\"https:\\\/\\\/districtgriffin.com\\\/fr\\\/contact\\\/\",\"url\":\"https:\\\/\\\/districtgriffin.com\\\/fr\\\/contact\\\/\",\"name\":\"Contact | 514-914-4743, 780 Wellington ste. 101| District Griffin\",\"isPartOf\":{\"@id\":\"https:\\\/\\\/districtgriffin.com\\\/en\\\/#website\"},\"datePublished\":\"2014-02-07T14:48:04+00:00\",\"dateModified\":\"2021-04-29T18:17:23+00:00\",\"description\":\"Vous avez des questions? Communiquez avec un repr\u00e9sentant District Griffin par t\u00e9l\u00e9phone ou courriel pour tout savoir sur nos condos \u00e0 Griffintown.\",\"breadcrumb\":{\"@id\":\"https:\\\/\\\/districtgriffin.com\\\/fr\\\/contact\\\/#breadcrumb\"},\"inLanguage\":\"fr-FR\",\"potentialAction\":[{\"@type\":\"ReadAction\",\"target\":[\"https:\\\/\\\/districtgriffin.com\\\/fr\\\/contact\\\/\"]}]},{\"@type\":\"BreadcrumbList\",\"@id\":\"https:\\\/\\\/districtgriffin.com\\\/fr\\\/contact\\\/#breadcrumb\",\"itemListElement\":[{\"@type\":\"ListItem\",\"position\":1,\"name\":\"Home\",\"item\":\"https:\\\/\\\/districtgriffin.com\\\/fr\\\/\"},{\"@type\":\"ListItem\",\"position\":2,\"name\":\"Nous joindre\"}]},{\"@type\":\"WebSite\",\"@id\":\"https:\\\/\\\/districtgriffin.com\\\/en\\\/#website\",\"url\":\"https:\\\/\\\/districtgriffin.com\\\/en\\\/\",\"name\":\"District Griffin\",\"description\":\"The biggest condo project in Montr\u00e9al\",\"potentialAction\":[{\"@type\":\"SearchAction\",\"target\":{\"@type\":\"EntryPoint\",\"urlTemplate\":\"https:\\\/\\\/districtgriffin.com\\\/en\\\/?s={search_term_string}\"},\"query-input\":{\"@type\":\"PropertyValueSpecification\",\"valueRequired\":true,\"valueName\":\"search_term_string\"}}],\"inLanguage\":\"fr-FR\"}]}<\/script>\n<!-- \/ Yoast SEO plugin. -->","yoast_head_json":{"title":"Contact | 514-914-4743, 780 Wellington ste. 101| District Griffin","description":"Vous avez des questions? Communiquez avec un repr\u00e9sentant District Griffin par t\u00e9l\u00e9phone ou courriel pour tout savoir sur nos condos \u00e0 Griffintown.","robots":{"index":"index","follow":"follow","max-snippet":"max-snippet:-1","max-image-preview":"max-image-preview:large","max-video-preview":"max-video-preview:-1"},"canonical":"https:\/\/districtgriffin.com\/fr\/contact\/","og_locale":"fr_FR","og_type":"article","og_title":"Contact | 514-914-4743, 780 Wellington ste. 101| District Griffin","og_description":"Vous avez des questions? Communiquez avec un repr\u00e9sentant District Griffin par t\u00e9l\u00e9phone ou courriel pour tout savoir sur nos condos \u00e0 Griffintown.","og_url":"https:\/\/districtgriffin.com\/fr\/contact\/","og_site_name":"District Griffin","article_modified_time":"2021-04-29T18:17:23+00:00","schema":{"@context":"https:\/\/schema.org","@graph":[{"@type":"WebPage","@id":"https:\/\/districtgriffin.com\/fr\/contact\/","url":"https:\/\/districtgriffin.com\/fr\/contact\/","name":"Contact | 514-914-4743, 780 Wellington ste. 101| District Griffin","isPartOf":{"@id":"https:\/\/districtgriffin.com\/en\/#website"},"datePublished":"2014-02-07T14:48:04+00:00","dateModified":"2021-04-29T18:17:23+00:00","description":"Vous avez des questions? Communiquez avec un repr\u00e9sentant District Griffin par t\u00e9l\u00e9phone ou courriel pour tout savoir sur nos condos \u00e0 Griffintown.","breadcrumb":{"@id":"https:\/\/districtgriffin.com\/fr\/contact\/#breadcrumb"},"inLanguage":"fr-FR","potentialAction":[{"@type":"ReadAction","target":["https:\/\/districtgriffin.com\/fr\/contact\/"]}]},{"@type":"BreadcrumbList","@id":"https:\/\/districtgriffin.com\/fr\/contact\/#breadcrumb","itemListElement":[{"@type":"ListItem","position":1,"name":"Home","item":"https:\/\/districtgriffin.com\/fr\/"},{"@type":"ListItem","position":2,"name":"Nous joindre"}]},{"@type":"WebSite","@id":"https:\/\/districtgriffin.com\/en\/#website","url":"https:\/\/districtgriffin.com\/en\/","name":"District Griffin","description":"The biggest condo project in Montr\u00e9al","potentialAction":[{"@type":"SearchAction","target":{"@type":"EntryPoint","urlTemplate":"https:\/\/districtgriffin.com\/en\/?s={search_term_string}"},"query-input":{"@type":"PropertyValueSpecification","valueRequired":true,"valueName":"search_term_string"}}],"inLanguage":"fr-FR"}]}},"_links":{"self":[{"href":"https:\/\/districtgriffin.com\/fr\/wp-json\/wp\/v2\/pages\/28","targetHints":{"allow":["GET"]}}],"collection":[{"href":"https:\/\/districtgriffin.com\/fr\/wp-json\/wp\/v2\/pages"}],"about":[{"href":"https:\/\/districtgriffin.com\/fr\/wp-json\/wp\/v2\/types\/page"}],"author":[{"embeddable":true,"href":"https:\/\/districtgriffin.com\/fr\/wp-json\/wp\/v2\/users\/6"}],"replies":[{"embeddable":true,"href":"https:\/\/districtgriffin.com\/fr\/wp-json\/wp\/v2\/comments?post=28"}],"version-history":[{"count":1,"href":"https:\/\/districtgriffin.com\/fr\/wp-json\/wp\/v2\/pages\/28\/revisions"}],"predecessor-version":[{"id":29,"href":"https:\/\/districtgriffin.com\/fr\/wp-json\/wp\/v2\/pages\/28\/revisions\/29"}],"wp:attachment":[{"href":"https:\/\/districtgriffin.com\/fr\/wp-json\/wp\/v2\/media?parent=28"}],"curies":[{"name":"wp","href":"https:\/\/api.w.org\/{rel}","templated":true}]}}