{"id":2424,"date":"2015-03-11T14:19:04","date_gmt":"2015-03-11T18:19:04","guid":{"rendered":"https:\/\/districtgriffin.com\/?page_id=2424"},"modified":"2015-08-28T14:28:09","modified_gmt":"2015-08-28T18:28:09","slug":"rien-a-payer","status":"publish","type":"page","link":"https:\/\/districtgriffin.com\/fr\/rien-a-payer\/","title":{"rendered":"POUR UN TEMPS LIMIT\u00c9: ACHETEZ UN CONDO ET NOUS PAYERONS POUR VOUS*:"},"content":{"rendered":"<p class=\"blue-text\">LA PROMOTION EST TERMIN\u00c9E. MERCI POUR VOTRE PARTICIPATION! <\/p>\n<p>&nbsp;<\/p>\n<p><img loading=\"lazy\" decoding=\"async\" class=\"aligncenter wp-image-2357 size-full\" src=\"https:\/\/districtgriffin.com\/wp-content\/uploads\/2015\/03\/mosaic-image.png\" alt=\"mosaique\" width=\"939\" height=\"408\" \/><\/p>\n<p>*Valide pour les unit\u00e9s de District Griffin sur le Parc et District Griffin sur Peel seulement.<\/p>\n<p>**Frais de condos pour 12 mois<\/p>\n<p>***D&rsquo;autres conditions s&rsquo;appliquent. Veuillez en discuter avec notre \u00e9quipe.<\/p>\n<p>&nbsp;<\/p>\n<p><img loading=\"lazy\" decoding=\"async\" class=\"aligncenter wp-image-2358 size-full\" style=\"margin-bottom: -90px;\" src=\"https:\/\/districtgriffin.com\/wp-content\/uploads\/2015\/03\/logo-paye.png\" alt=\"mosaique\" width=\"206\" height=\"206\" \/><\/p>\n","protected":false},"excerpt":{"rendered":"<p>LA PROMOTION EST TERMIN\u00c9E. MERCI POUR VOTRE PARTICIPATION! &nbsp; *Valide pour les unit\u00e9s de District Griffin sur le Parc et District Griffin sur Peel seulement. **Frais de condos pour 12 mois ***D&rsquo;autres conditions s&rsquo;appliquent. Veuillez en discuter avec notre \u00e9quipe.&hellip; <a href=\"https:\/\/districtgriffin.com\/fr\/rien-a-payer\/\" class=\"more-link\">Continue Reading <span class=\"meta-nav\">&rarr;<\/span><\/a><\/p>\n","protected":false},"author":6,"featured_media":2426,"parent":0,"menu_order":0,"comment_status":"open","ping_status":"closed","template":"page-template-inscription.php","meta":{"_acf_changed":false,"footnotes":""},"class_list":["post-2424","page","type-page","status-publish","has-post-thumbnail","hentry"],"acf":[],"yoast_head":"<!-- This site is optimized with the Yoast SEO plugin v27.3 - https:\/\/yoast.com\/product\/yoast-seo-wordpress\/ -->\n<title>POUR UN TEMPS LIMIT\u00c9: ACHETEZ UN CONDO ET NOUS PAYERONS POUR VOUS*: - District Griffin<\/title>\n<meta name=\"robots\" content=\"index, follow, max-snippet:-1, max-image-preview:large, max-video-preview:-1\" \/>\n<link rel=\"canonical\" href=\"https:\/\/districtgriffin.com\/fr\/rien-a-payer\/\" \/>\n<meta property=\"og:locale\" content=\"fr_FR\" \/>\n<meta property=\"og:type\" content=\"article\" \/>\n<meta property=\"og:title\" content=\"POUR UN TEMPS LIMIT\u00c9: ACHETEZ UN CONDO ET NOUS PAYERONS POUR VOUS*: - District Griffin\" \/>\n<meta property=\"og:description\" content=\"LA PROMOTION EST TERMIN\u00c9E. MERCI POUR VOTRE PARTICIPATION! &nbsp; *Valide pour les unit\u00e9s de District Griffin sur le Parc et District Griffin sur Peel seulement. **Frais de condos pour 12 mois ***D&rsquo;autres conditions s&rsquo;appliquent. Veuillez en discuter avec notre \u00e9quipe.&hellip; Continue Reading &rarr;\" \/>\n<meta property=\"og:url\" content=\"https:\/\/districtgriffin.com\/fr\/rien-a-payer\/\" \/>\n<meta property=\"og:site_name\" content=\"District Griffin\" \/>\n<meta property=\"article:modified_time\" content=\"2015-08-28T18:28:09+00:00\" \/>\n<meta property=\"og:image\" content=\"https:\/\/districtgriffin.com\/wp-content\/uploads\/2015\/03\/header-image-rien-a-payer.jpg\" \/>\n\t<meta property=\"og:image:width\" content=\"2560\" \/>\n\t<meta property=\"og:image:height\" content=\"519\" \/>\n\t<meta property=\"og:image:type\" content=\"image\/jpeg\" \/>\n<script type=\"application\/ld+json\" class=\"yoast-schema-graph\">{\"@context\":\"https:\\\/\\\/schema.org\",\"@graph\":[{\"@type\":\"WebPage\",\"@id\":\"https:\\\/\\\/districtgriffin.com\\\/fr\\\/rien-a-payer\\\/\",\"url\":\"https:\\\/\\\/districtgriffin.com\\\/fr\\\/rien-a-payer\\\/\",\"name\":\"POUR UN TEMPS LIMIT\u00c9: ACHETEZ UN CONDO ET NOUS PAYERONS POUR VOUS*: - District Griffin\",\"isPartOf\":{\"@id\":\"https:\\\/\\\/districtgriffin.com\\\/en\\\/#website\"},\"primaryImageOfPage\":{\"@id\":\"https:\\\/\\\/districtgriffin.com\\\/fr\\\/rien-a-payer\\\/#primaryimage\"},\"image\":{\"@id\":\"https:\\\/\\\/districtgriffin.com\\\/fr\\\/rien-a-payer\\\/#primaryimage\"},\"thumbnailUrl\":\"https:\\\/\\\/districtgriffin.com\\\/wp-content\\\/uploads\\\/2015\\\/03\\\/header-image-rien-a-payer.jpg\",\"datePublished\":\"2015-03-11T18:19:04+00:00\",\"dateModified\":\"2015-08-28T18:28:09+00:00\",\"breadcrumb\":{\"@id\":\"https:\\\/\\\/districtgriffin.com\\\/fr\\\/rien-a-payer\\\/#breadcrumb\"},\"inLanguage\":\"fr-FR\",\"potentialAction\":[{\"@type\":\"ReadAction\",\"target\":[\"https:\\\/\\\/districtgriffin.com\\\/fr\\\/rien-a-payer\\\/\"]}]},{\"@type\":\"ImageObject\",\"inLanguage\":\"fr-FR\",\"@id\":\"https:\\\/\\\/districtgriffin.com\\\/fr\\\/rien-a-payer\\\/#primaryimage\",\"url\":\"https:\\\/\\\/districtgriffin.com\\\/wp-content\\\/uploads\\\/2015\\\/03\\\/header-image-rien-a-payer.jpg\",\"contentUrl\":\"https:\\\/\\\/districtgriffin.com\\\/wp-content\\\/uploads\\\/2015\\\/03\\\/header-image-rien-a-payer.jpg\",\"width\":2560,\"height\":519},{\"@type\":\"BreadcrumbList\",\"@id\":\"https:\\\/\\\/districtgriffin.com\\\/fr\\\/rien-a-payer\\\/#breadcrumb\",\"itemListElement\":[{\"@type\":\"ListItem\",\"position\":1,\"name\":\"Home\",\"item\":\"https:\\\/\\\/districtgriffin.com\\\/fr\\\/\"},{\"@type\":\"ListItem\",\"position\":2,\"name\":\"POUR UN TEMPS LIMIT\u00c9: ACHETEZ UN CONDO ET NOUS PAYERONS POUR VOUS*:\"}]},{\"@type\":\"WebSite\",\"@id\":\"https:\\\/\\\/districtgriffin.com\\\/en\\\/#website\",\"url\":\"https:\\\/\\\/districtgriffin.com\\\/en\\\/\",\"name\":\"District Griffin\",\"description\":\"The biggest condo project in Montr\u00e9al\",\"potentialAction\":[{\"@type\":\"SearchAction\",\"target\":{\"@type\":\"EntryPoint\",\"urlTemplate\":\"https:\\\/\\\/districtgriffin.com\\\/en\\\/?s={search_term_string}\"},\"query-input\":{\"@type\":\"PropertyValueSpecification\",\"valueRequired\":true,\"valueName\":\"search_term_string\"}}],\"inLanguage\":\"fr-FR\"}]}<\/script>\n<!-- \/ Yoast SEO plugin. -->","yoast_head_json":{"title":"POUR UN TEMPS LIMIT\u00c9: ACHETEZ UN CONDO ET NOUS PAYERONS POUR VOUS*: - District Griffin","robots":{"index":"index","follow":"follow","max-snippet":"max-snippet:-1","max-image-preview":"max-image-preview:large","max-video-preview":"max-video-preview:-1"},"canonical":"https:\/\/districtgriffin.com\/fr\/rien-a-payer\/","og_locale":"fr_FR","og_type":"article","og_title":"POUR UN TEMPS LIMIT\u00c9: ACHETEZ UN CONDO ET NOUS PAYERONS POUR VOUS*: - District Griffin","og_description":"LA PROMOTION EST TERMIN\u00c9E. MERCI POUR VOTRE PARTICIPATION! &nbsp; *Valide pour les unit\u00e9s de District Griffin sur le Parc et District Griffin sur Peel seulement. **Frais de condos pour 12 mois ***D&rsquo;autres conditions s&rsquo;appliquent. Veuillez en discuter avec notre \u00e9quipe.&hellip; Continue Reading &rarr;","og_url":"https:\/\/districtgriffin.com\/fr\/rien-a-payer\/","og_site_name":"District Griffin","article_modified_time":"2015-08-28T18:28:09+00:00","og_image":[{"width":2560,"height":519,"url":"https:\/\/districtgriffin.com\/wp-content\/uploads\/2015\/03\/header-image-rien-a-payer.jpg","type":"image\/jpeg"}],"schema":{"@context":"https:\/\/schema.org","@graph":[{"@type":"WebPage","@id":"https:\/\/districtgriffin.com\/fr\/rien-a-payer\/","url":"https:\/\/districtgriffin.com\/fr\/rien-a-payer\/","name":"POUR UN TEMPS LIMIT\u00c9: ACHETEZ UN CONDO ET NOUS PAYERONS POUR VOUS*: - District Griffin","isPartOf":{"@id":"https:\/\/districtgriffin.com\/en\/#website"},"primaryImageOfPage":{"@id":"https:\/\/districtgriffin.com\/fr\/rien-a-payer\/#primaryimage"},"image":{"@id":"https:\/\/districtgriffin.com\/fr\/rien-a-payer\/#primaryimage"},"thumbnailUrl":"https:\/\/districtgriffin.com\/wp-content\/uploads\/2015\/03\/header-image-rien-a-payer.jpg","datePublished":"2015-03-11T18:19:04+00:00","dateModified":"2015-08-28T18:28:09+00:00","breadcrumb":{"@id":"https:\/\/districtgriffin.com\/fr\/rien-a-payer\/#breadcrumb"},"inLanguage":"fr-FR","potentialAction":[{"@type":"ReadAction","target":["https:\/\/districtgriffin.com\/fr\/rien-a-payer\/"]}]},{"@type":"ImageObject","inLanguage":"fr-FR","@id":"https:\/\/districtgriffin.com\/fr\/rien-a-payer\/#primaryimage","url":"https:\/\/districtgriffin.com\/wp-content\/uploads\/2015\/03\/header-image-rien-a-payer.jpg","contentUrl":"https:\/\/districtgriffin.com\/wp-content\/uploads\/2015\/03\/header-image-rien-a-payer.jpg","width":2560,"height":519},{"@type":"BreadcrumbList","@id":"https:\/\/districtgriffin.com\/fr\/rien-a-payer\/#breadcrumb","itemListElement":[{"@type":"ListItem","position":1,"name":"Home","item":"https:\/\/districtgriffin.com\/fr\/"},{"@type":"ListItem","position":2,"name":"POUR UN TEMPS LIMIT\u00c9: ACHETEZ UN CONDO ET NOUS PAYERONS POUR VOUS*:"}]},{"@type":"WebSite","@id":"https:\/\/districtgriffin.com\/en\/#website","url":"https:\/\/districtgriffin.com\/en\/","name":"District Griffin","description":"The biggest condo project in Montr\u00e9al","potentialAction":[{"@type":"SearchAction","target":{"@type":"EntryPoint","urlTemplate":"https:\/\/districtgriffin.com\/en\/?s={search_term_string}"},"query-input":{"@type":"PropertyValueSpecification","valueRequired":true,"valueName":"search_term_string"}}],"inLanguage":"fr-FR"}]}},"_links":{"self":[{"href":"https:\/\/districtgriffin.com\/fr\/wp-json\/wp\/v2\/pages\/2424","targetHints":{"allow":["GET"]}}],"collection":[{"href":"https:\/\/districtgriffin.com\/fr\/wp-json\/wp\/v2\/pages"}],"about":[{"href":"https:\/\/districtgriffin.com\/fr\/wp-json\/wp\/v2\/types\/page"}],"author":[{"embeddable":true,"href":"https:\/\/districtgriffin.com\/fr\/wp-json\/wp\/v2\/users\/6"}],"replies":[{"embeddable":true,"href":"https:\/\/districtgriffin.com\/fr\/wp-json\/wp\/v2\/comments?post=2424"}],"version-history":[{"count":5,"href":"https:\/\/districtgriffin.com\/fr\/wp-json\/wp\/v2\/pages\/2424\/revisions"}],"predecessor-version":[{"id":3353,"href":"https:\/\/districtgriffin.com\/fr\/wp-json\/wp\/v2\/pages\/2424\/revisions\/3353"}],"wp:featuredmedia":[{"embeddable":true,"href":"https:\/\/districtgriffin.com\/fr\/wp-json\/wp\/v2\/media\/2426"}],"wp:attachment":[{"href":"https:\/\/districtgriffin.com\/fr\/wp-json\/wp\/v2\/media?parent=2424"}],"curies":[{"name":"wp","href":"https:\/\/api.w.org\/{rel}","templated":true}]}}